{"id":280,"date":"2019-04-15T12:47:33","date_gmt":"2019-04-15T12:47:33","guid":{"rendered":"http:\/\/kinderpsychotherapie.gudrun-dittrich.de\/?page_id=280"},"modified":"2019-08-07T20:55:18","modified_gmt":"2019-08-07T18:55:18","slug":"impressum","status":"publish","type":"page","link":"https:\/\/gudrun-dittrich.de\/?page_id=280","title":{"rendered":"Impressum"},"content":{"rendered":"\t\t<div data-elementor-type=\"wp-post\" data-elementor-id=\"280\" class=\"elementor elementor-280\">\n\t\t\t\t\t\t\t\t\t<div class=\"elementor-section elementor-top-section elementor-element elementor-element-7eda0a5 elementor-section-content-top elementor-section-boxed elementor-section-height-default elementor-section-height-default\" data-id=\"7eda0a5\" data-element_type=\"section\">\n\t\t\t\t\t\t<div class=\"elementor-container elementor-column-gap-default\">\n\t\t\t\t\t<div class=\"elementor-column elementor-col-100 elementor-top-column elementor-element elementor-element-1d0b81f\" data-id=\"1d0b81f\" data-element_type=\"column\">\n\t\t\t<div class=\"elementor-widget-wrap elementor-element-populated\">\n\t\t\t\t\t\t\t\t<div class=\"elementor-element elementor-element-dec0070 elementor-invisible elementor-widget elementor-widget-image\" data-id=\"dec0070\" data-element_type=\"widget\" data-settings=\"{&quot;_animation&quot;:&quot;fadeInDown&quot;}\" data-widget_type=\"image.default\">\n\t\t\t\t<div class=\"elementor-widget-container\">\n\t\t\t\t\t\t\t\t\t\t\t\t\t\t\t<img fetchpriority=\"high\" decoding=\"async\" width=\"900\" height=\"150\" src=\"https:\/\/gudrun-dittrich.de\/wp-content\/uploads\/2019\/04\/kontak2t.jpg\" class=\"attachment-large size-large wp-image-334\" alt=\"\" srcset=\"https:\/\/gudrun-dittrich.de\/wp-content\/uploads\/2019\/04\/kontak2t.jpg 900w, https:\/\/gudrun-dittrich.de\/wp-content\/uploads\/2019\/04\/kontak2t-300x50.jpg 300w, https:\/\/gudrun-dittrich.de\/wp-content\/uploads\/2019\/04\/kontak2t-768x128.jpg 768w\" sizes=\"(max-width: 900px) 100vw, 900px\" \/>\t\t\t\t\t\t\t\t\t\t\t\t\t\t\t<\/div>\n\t\t\t\t<\/div>\n\t\t\t\t\t<\/div>\n\t\t<\/div>\n\t\t\t\t\t\t\t<\/div>\n\t\t<\/div>\n\t\t\t\t<section class=\"elementor-section elementor-top-section elementor-element elementor-element-2206786 elementor-section-boxed elementor-section-height-default elementor-section-height-default\" data-id=\"2206786\" data-element_type=\"section\">\n\t\t\t\t\t\t<div class=\"elementor-container elementor-column-gap-default\">\n\t\t\t\t\t<div class=\"elementor-column elementor-col-100 elementor-top-column elementor-element elementor-element-9156f3d\" data-id=\"9156f3d\" data-element_type=\"column\">\n\t\t\t<div class=\"elementor-widget-wrap elementor-element-populated\">\n\t\t\t\t\t\t\t\t<div class=\"elementor-element elementor-element-228ed16 elementor-widget elementor-widget-spacer\" data-id=\"228ed16\" data-element_type=\"widget\" data-widget_type=\"spacer.default\">\n\t\t\t\t<div class=\"elementor-widget-container\">\n\t\t\t\t\t<div class=\"elementor-spacer\">\n\t\t\t<div class=\"elementor-spacer-inner\"><\/div>\n\t\t<\/div>\n\t\t\t\t<\/div>\n\t\t\t\t<\/div>\n\t\t\t\t\t<\/div>\n\t\t<\/div>\n\t\t\t\t\t\t\t<\/div>\n\t\t<\/section>\n\t\t\t\t<section class=\"elementor-section elementor-top-section elementor-element elementor-element-ba78c2e elementor-section-full_width elementor-section-height-default elementor-section-height-default\" data-id=\"ba78c2e\" data-element_type=\"section\">\n\t\t\t\t\t\t<div class=\"elementor-container elementor-column-gap-default\">\n\t\t\t\t\t<div class=\"elementor-column elementor-col-100 elementor-top-column elementor-element elementor-element-02b46c4\" data-id=\"02b46c4\" data-element_type=\"column\">\n\t\t\t<div class=\"elementor-widget-wrap elementor-element-populated\">\n\t\t\t\t\t\t\t\t<div class=\"elementor-element elementor-element-d8b225f elementor-widget elementor-widget-heading\" data-id=\"d8b225f\" data-element_type=\"widget\" data-widget_type=\"heading.default\">\n\t\t\t\t<div class=\"elementor-widget-container\">\n\t\t\t<h2 class=\"elementor-heading-title elementor-size-default\">Impressum<\/h2>\t\t<\/div>\n\t\t\t\t<\/div>\n\t\t\t\t\t<\/div>\n\t\t<\/div>\n\t\t\t\t\t\t\t<\/div>\n\t\t<\/section>\n\t\t\t\t<section class=\"elementor-section elementor-top-section elementor-element elementor-element-a1271d6 elementor-section-boxed elementor-section-height-default elementor-section-height-default\" data-id=\"a1271d6\" data-element_type=\"section\">\n\t\t\t\t\t\t<div class=\"elementor-container elementor-column-gap-default\">\n\t\t\t\t\t<div class=\"elementor-column elementor-col-100 elementor-top-column elementor-element elementor-element-a16f514\" data-id=\"a16f514\" data-element_type=\"column\">\n\t\t\t<div class=\"elementor-widget-wrap elementor-element-populated\">\n\t\t\t\t\t\t\t\t<div class=\"elementor-element elementor-element-edd5dd3 elementor-widget elementor-widget-spacer\" data-id=\"edd5dd3\" data-element_type=\"widget\" data-widget_type=\"spacer.default\">\n\t\t\t\t<div class=\"elementor-widget-container\">\n\t\t\t\t\t<div class=\"elementor-spacer\">\n\t\t\t<div class=\"elementor-spacer-inner\"><\/div>\n\t\t<\/div>\n\t\t\t\t<\/div>\n\t\t\t\t<\/div>\n\t\t\t\t\t<\/div>\n\t\t<\/div>\n\t\t\t\t\t\t\t<\/div>\n\t\t<\/section>\n\t\t\t\t<section class=\"elementor-section elementor-top-section elementor-element elementor-element-b8d9bdd elementor-section-boxed elementor-section-height-default elementor-section-height-default\" data-id=\"b8d9bdd\" data-element_type=\"section\">\n\t\t\t\t\t\t<div class=\"elementor-container elementor-column-gap-default\">\n\t\t\t\t\t<div class=\"elementor-column elementor-col-100 elementor-top-column elementor-element elementor-element-bc20827\" data-id=\"bc20827\" data-element_type=\"column\">\n\t\t\t<div class=\"elementor-widget-wrap elementor-element-populated\">\n\t\t\t\t\t\t\t\t<div class=\"elementor-element elementor-element-9c7fc7f elementor-widget elementor-widget-text-editor\" data-id=\"9c7fc7f\" data-element_type=\"widget\" data-widget_type=\"text-editor.default\">\n\t\t\t\t<div class=\"elementor-widget-container\">\n\t\t\t\t\t\t\t<p><strong>Angaben gem\u00e4\u00df \u00a7 5 TMG<\/strong><\/p><p>Diplom-Sozialp\u00e4dagogin<br \/>Gudrun Dittrich<br \/>Kinder- und Jugendlichenpsychotherapie<br \/>Tiefenpsychologie &amp; Psychoanalyse<br \/>Wilhelminenstra\u00dfe 38<br \/>64285 Darmstadt<\/p><p><strong>Kontakt<\/strong><\/p><p>Telefon: 0151 514 735 36<br \/>E-Mail: gudrun_dittrich[at]t-online.de<\/p><p><strong>Umsatzsteuer-ID<\/strong><\/p><p>Umsatzsteuer-Identifikationsnummer gem\u00e4\u00df \u00a727 a Umsatzsteuergesetz: 07 869 06262<\/p><p>Wir sind nicht bereit oder verpflichtet, an Streitbeilegungsverfahren vor einer<br \/>Verbraucherschlichtungsstelle teilzunehmen.<\/p><p><strong>Haftung f\u00fcr Inhalte<\/strong><\/p><p>Als Diensteanbieter sind wir gem\u00e4\u00df \u00a7 7 Abs.1 TMG f\u00fcr eigene Inhalte auf diesen Seiten nach den allgemeinen Gesetzen verantwortlich.<br \/>Nach \u00a7\u00a7 8 bis 10 TMG sind wir als Diensteanbieter jedoch nicht verpflichtet, \u00fcbermittelte oder gespeicherte fremde Informationen zu \u00fcberwachen oder nach Umst\u00e4nden zu forschen, die auf eine rechtswidrige T\u00e4tigkeit hinweisen.<br \/>Verpflichtungen zur Entfernung oder Sperrung der Nutzung von Informationen nach den allgemeinen Gesetzen bleiben hiervon unber\u00fchrt. Eine diesbez\u00fcgliche Haftung ist jedoch erst ab dem Zeitpunkt der Kenntnis einer konkreten Rechtsverletzung m\u00f6glich. Bei Bekanntwerden von entsprechenden Rechtsverletzungen werden wir diese Inhalte umgehend entfernen.<\/p><p><strong>Haftung f\u00fcr Links<\/strong><\/p><p>Unser Angebot enth\u00e4lt Links zu externen Websites Dritter, auf deren Inhalte wir keinen Einfluss haben. Deshalb k\u00f6nnen wir f\u00fcr diese fremden Inhalte auch keine Gew\u00e4hr \u00fcbernehmen. F\u00fcr die Inhalte der verlinkten Seiten ist stets der jeweilige Anbieter oder Betreiber der Seiten verantwortlich. Die verlinkten Seiten wurden zum Zeitpunkt der Verlinkung auf m\u00f6gliche Rechtsverst\u00f6\u00dfe \u00fcberpr\u00fcft. Rechtswidrige Inhalte waren zum Zeitpunkt der Verlinkung nicht erkennbar.<br \/>Eine permanente inhaltliche Kontrolle der verlinkten Seiten ist jedoch ohne konkrete Anhaltspunkte einer Rechtsverletzung nicht zumutbar. Bei Bekanntwerden von Rechtsverletzungen werden wir derartige Links umgehend entfernen.<\/p><p><strong>Urheberrecht<\/strong><\/p><p>Die durch die Seitenbetreiber erstellten Inhalte und Werke auf diesen Seiten unterliegen dem deutschen Urheberrecht. Die Vervielf\u00e4ltigung, Bearbeitung, Verbreitung und jede Art der Verwertung au\u00dferhalb der Grenzen des Urheberrechtes bed\u00fcrfen der schriftlichen Zustimmung des jeweiligen Autors bzw. Erstellers. Downloads und Kopien dieser Seite sind nur f\u00fcr den privaten, nicht kommerziellen Gebrauch gestattet.<br \/>Soweit die Inhalte auf dieser Seite nicht vom Betreiber erstellt wurden, werden die Urheberrechte Dritter beachtet. Insbesondere werden Inhalte Dritter als solche gekennzeichnet. Sollten Sie trotzdem auf eine Urheberrechtsverletzung aufmerksam werden, bitten wir um einen entsprechenden Hinweis. Bei Bekanntwerden von Rechtsverletzungen werden wir derartige Inhalte umgehend entfernen.<\/p><p>Quelle: eRecht24<\/p>\t\t\t\t\t\t<\/div>\n\t\t\t\t<\/div>\n\t\t\t\t\t<\/div>\n\t\t<\/div>\n\t\t\t\t\t\t\t<\/div>\n\t\t<\/section>\n\t\t\t\t<section class=\"elementor-section elementor-top-section elementor-element elementor-element-64b9cb2 elementor-section-boxed elementor-section-height-default elementor-section-height-default\" data-id=\"64b9cb2\" data-element_type=\"section\">\n\t\t\t\t\t\t<div class=\"elementor-container elementor-column-gap-default\">\n\t\t\t\t\t<div class=\"elementor-column elementor-col-100 elementor-top-column elementor-element elementor-element-c6c94af\" data-id=\"c6c94af\" data-element_type=\"column\">\n\t\t\t<div class=\"elementor-widget-wrap elementor-element-populated\">\n\t\t\t\t\t\t\t\t<div class=\"elementor-element elementor-element-d08a186 elementor-widget elementor-widget-text-editor\" data-id=\"d08a186\" data-element_type=\"widget\" data-widget_type=\"text-editor.default\">\n\t\t\t\t<div class=\"elementor-widget-container\">\n\t\t\t\t\t\t\t<p><strong>Bildnachweis<\/strong><\/p><p>Das Layout der Website, die verwendeten Grafiken sowie die sonstigen Inhalte sind urheberrechtlich gesch\u00fctzt. Eine Vervielf\u00e4ltigung oder Verwendung der Texte und Grafiken in anderen elektronischen oder gedruckten Publikationen ist ohne ausdr\u00fcckliche Zustimmung nicht gestattet.<\/p><p>Nachfolgend eine Auflistung der verwendeten Bilder von <a href=\"https:\/\/www.gudrun-dittrich.de\" target=\"_blank\" rel=\"noopener\">Gudrun Dittrich<\/a>,<a href=\"https:\/\/www.google.com\/intl\/ALL\/help\/terms_maps\/\"> Google Maps<\/a> und <a href=\"https:\/\/www.freepik.com\/\">Freepik.com<\/a> der entsprechenden Seiten. F\u00fcr alle Abbildungen von Freepik.com bestehen entsprechende Lizenznachweise.<br \/>Home: \u00a9 <a href=\"https:\/\/www.gudrun-dittrich.de\">gudrun-dittrich.de<\/a><br \/>Psychotherapie: \u00a9 <a href=\"https:\/\/www.freepik.com\">Designed by Freepik.com<\/a><br \/>Abrechnung \/ Kosten: \u00a9 <a href=\"https:\/\/www.freepik.com\">Designed by klyaksun \/ Freepik<\/a><br \/>\u00dcber mich: \u00a9 <a href=\"https:\/\/www.gudrun-dittrich.de\">gudrun-dittrich.de<\/a><br \/>F\u00fcr Kinder: \u00a9 <a href=\"https:\/\/www.freepik.com\">Designed by Jcomp \/ Freepik<\/a>, \u00a9 <a href=\"https:\/\/www.freepik.com\">Designed by Freepik.com<\/a><br \/>Datenschutz: \u00a9 <a href=\"https:\/\/www.freepik.com\">Designed by Rawpixel.com \/ Freepik<\/a><br \/>Kontakt: \u00a9 <a href=\"https:\/\/www.gudrun-dittrich.de\">gudrun-dittrich.de<\/a>, \u00a9 <a href=\"https:\/\/www.google.com\/permissions\/geoguidelines\/\">googlemaps<\/a><br \/>Impressum: \u00a9 <a href=\"https:\/\/www.gudrun-dittrich.de\">gudrun-dittrich.de<\/a><\/p>\t\t\t\t\t\t<\/div>\n\t\t\t\t<\/div>\n\t\t\t\t\t<\/div>\n\t\t<\/div>\n\t\t\t\t\t\t\t<\/div>\n\t\t<\/section>\n\t\t\t\t<section class=\"elementor-section elementor-top-section elementor-element elementor-element-9816f5e elementor-section-boxed elementor-section-height-default elementor-section-height-default\" data-id=\"9816f5e\" data-element_type=\"section\">\n\t\t\t\t\t\t<div class=\"elementor-container elementor-column-gap-default\">\n\t\t\t\t\t<div class=\"elementor-column elementor-col-100 elementor-top-column elementor-element elementor-element-279b2ea\" data-id=\"279b2ea\" data-element_type=\"column\">\n\t\t\t<div class=\"elementor-widget-wrap elementor-element-populated\">\n\t\t\t\t\t\t\t\t<div class=\"elementor-element elementor-element-883fe31 elementor-widget elementor-widget-spacer\" data-id=\"883fe31\" data-element_type=\"widget\" data-widget_type=\"spacer.default\">\n\t\t\t\t<div class=\"elementor-widget-container\">\n\t\t\t\t\t<div class=\"elementor-spacer\">\n\t\t\t<div class=\"elementor-spacer-inner\"><\/div>\n\t\t<\/div>\n\t\t\t\t<\/div>\n\t\t\t\t<\/div>\n\t\t\t\t\t<\/div>\n\t\t<\/div>\n\t\t\t\t\t\t\t<\/div>\n\t\t<\/section>\n\t\t\t\t\t\t\t<\/div>\n\t\t","protected":false},"excerpt":{"rendered":"<p>Impressum Angaben gem\u00e4\u00df \u00a7 5 TMG Diplom-Sozialp\u00e4dagoginGudrun DittrichKinder- und JugendlichenpsychotherapieTiefenpsychologie &amp; PsychoanalyseWilhelminenstra\u00dfe 3864285 Darmstadt Kontakt Telefon: 0151 514 735 36E-Mail: gudrun_dittrich[at]t-online.de Umsatzsteuer-ID Umsatzsteuer-Identifikationsnummer gem\u00e4\u00df \u00a727 a Umsatzsteuergesetz: 07 869 06262 Wir sind nicht bereit oder verpflichtet, an Streitbeilegungsverfahren vor einerVerbraucherschlichtungsstelle teilzunehmen. Haftung f\u00fcr Inhalte Als Diensteanbieter sind wir gem\u00e4\u00df \u00a7 7 Abs.1 TMG f\u00fcr eigene [&hellip;]<\/p>\n","protected":false},"author":1,"featured_media":0,"parent":0,"menu_order":0,"comment_status":"closed","ping_status":"closed","template":"","meta":{"ocean_post_layout":"","ocean_both_sidebars_style":"","ocean_both_sidebars_content_width":0,"ocean_both_sidebars_sidebars_width":0,"ocean_sidebar":"0","ocean_second_sidebar":"0","ocean_disable_margins":"enable","ocean_add_body_class":"","ocean_shortcode_before_top_bar":"","ocean_shortcode_after_top_bar":"","ocean_shortcode_before_header":"","ocean_shortcode_after_header":"","ocean_has_shortcode":"","ocean_shortcode_after_title":"","ocean_shortcode_before_footer_widgets":"","ocean_shortcode_after_footer_widgets":"","ocean_shortcode_before_footer_bottom":"","ocean_shortcode_after_footer_bottom":"","ocean_display_top_bar":"default","ocean_display_header":"default","ocean_header_style":"","ocean_center_header_left_menu":"0","ocean_custom_header_template":"0","ocean_custom_logo":202,"ocean_custom_retina_logo":0,"ocean_custom_logo_max_width":0,"ocean_custom_logo_tablet_max_width":0,"ocean_custom_logo_mobile_max_width":0,"ocean_custom_logo_max_height":0,"ocean_custom_logo_tablet_max_height":0,"ocean_custom_logo_mobile_max_height":0,"ocean_header_custom_menu":"0","ocean_menu_typo_font_family":"0","ocean_menu_typo_font_subset":"","ocean_menu_typo_font_size":0,"ocean_menu_typo_font_size_tablet":0,"ocean_menu_typo_font_size_mobile":0,"ocean_menu_typo_font_size_unit":"px","ocean_menu_typo_font_weight":"","ocean_menu_typo_font_weight_tablet":"","ocean_menu_typo_font_weight_mobile":"","ocean_menu_typo_transform":"","ocean_menu_typo_transform_tablet":"","ocean_menu_typo_transform_mobile":"","ocean_menu_typo_line_height":0,"ocean_menu_typo_line_height_tablet":0,"ocean_menu_typo_line_height_mobile":0,"ocean_menu_typo_line_height_unit":"","ocean_menu_typo_spacing":0,"ocean_menu_typo_spacing_tablet":0,"ocean_menu_typo_spacing_mobile":0,"ocean_menu_typo_spacing_unit":"","ocean_menu_link_color":"","ocean_menu_link_color_hover":"","ocean_menu_link_color_active":"","ocean_menu_link_background":"","ocean_menu_link_hover_background":"","ocean_menu_link_active_background":"","ocean_menu_social_links_bg":"","ocean_menu_social_hover_links_bg":"","ocean_menu_social_links_color":"","ocean_menu_social_hover_links_color":"","ocean_disable_title":"default","ocean_disable_heading":"default","ocean_post_title":"","ocean_post_subheading":"","ocean_post_title_style":"","ocean_post_title_background_color":"","ocean_post_title_background":0,"ocean_post_title_bg_image_position":"","ocean_post_title_bg_image_attachment":"","ocean_post_title_bg_image_repeat":"","ocean_post_title_bg_image_size":"","ocean_post_title_height":0,"ocean_post_title_bg_overlay":0.5,"ocean_post_title_bg_overlay_color":"","ocean_disable_breadcrumbs":"on","ocean_breadcrumbs_color":"#ff9800","ocean_breadcrumbs_separator_color":"#ff9800","ocean_breadcrumbs_links_color":"#e91e63","ocean_breadcrumbs_links_hover_color":"#ffc107","ocean_display_footer_widgets":"off","ocean_display_footer_bottom":"default","ocean_custom_footer_template":"0","footnotes":""},"yoast_head":"<!-- This site is optimized with the Yoast SEO plugin v21.8 - https:\/\/yoast.com\/wordpress\/plugins\/seo\/ -->\n<title>Impressum | Gudrun Dittrich %<\/title>\n<meta name=\"description\" content=\"Psychotherapie f\u00fcr Kinder und Jugendliche in Darmstadt, Gudrun Dittrich, Kinder- und Jugendlichenpsychotherapeutin Tiefenpsychologie und Psychoanalyse Darmstadt, Ausbildung am Alfred Adler Institut Mainz, Gudrun Dittrich Diplom-Sozialp\u00e4dagogin, Einzel-, Paar und Familienberatung, Sexualp\u00e4dagogik f\u00fcr Jugendliche, Beratung sexuelle und\/oder k\u00f6rperliche Gewalt bei Kindern und Jugendlichen in Darmstadt.\" \/>\n<meta name=\"robots\" content=\"index, follow, max-snippet:-1, max-image-preview:large, max-video-preview:-1\" \/>\n<link rel=\"canonical\" href=\"https:\/\/gudrun-dittrich.de\/?page_id=280\" \/>\n<meta property=\"og:locale\" content=\"de_DE\" \/>\n<meta property=\"og:type\" content=\"article\" \/>\n<meta property=\"og:title\" content=\"Impressum | Gudrun Dittrich %\" \/>\n<meta property=\"og:description\" content=\"Psychotherapie f\u00fcr Kinder und Jugendliche in Darmstadt, Gudrun Dittrich, Kinder- und Jugendlichenpsychotherapeutin Tiefenpsychologie und Psychoanalyse Darmstadt, Ausbildung am Alfred Adler Institut Mainz, Gudrun Dittrich Diplom-Sozialp\u00e4dagogin, Einzel-, Paar und Familienberatung, Sexualp\u00e4dagogik f\u00fcr Jugendliche, Beratung sexuelle und\/oder k\u00f6rperliche Gewalt bei Kindern und Jugendlichen in Darmstadt.\" \/>\n<meta property=\"og:url\" content=\"https:\/\/gudrun-dittrich.de\/?page_id=280\" \/>\n<meta property=\"og:site_name\" content=\"Gudrun Dittrich\" \/>\n<meta property=\"article:modified_time\" content=\"2019-08-07T18:55:18+00:00\" \/>\n<meta property=\"og:image\" content=\"https:\/\/gudrun-dittrich.de\/wp-content\/uploads\/2019\/04\/kontak2t.jpg\" \/>\n<meta name=\"twitter:card\" content=\"summary_large_image\" \/>\n<meta name=\"twitter:label1\" content=\"Gesch\u00e4tzte Lesezeit\" \/>\n\t<meta name=\"twitter:data1\" content=\"2\u00a0Minuten\" \/>\n<script type=\"application\/ld+json\" class=\"yoast-schema-graph\">{\"@context\":\"https:\/\/schema.org\",\"@graph\":[{\"@type\":\"WebPage\",\"@id\":\"https:\/\/gudrun-dittrich.de\/?page_id=280\",\"url\":\"https:\/\/gudrun-dittrich.de\/?page_id=280\",\"name\":\"Impressum | Gudrun Dittrich %\",\"isPartOf\":{\"@id\":\"https:\/\/gudrun-dittrich.de\/#website\"},\"datePublished\":\"2019-04-15T12:47:33+00:00\",\"dateModified\":\"2019-08-07T18:55:18+00:00\",\"description\":\"Psychotherapie f\u00fcr Kinder und Jugendliche in Darmstadt, Gudrun Dittrich, Kinder- und Jugendlichenpsychotherapeutin Tiefenpsychologie und Psychoanalyse Darmstadt, Ausbildung am Alfred Adler Institut Mainz, Gudrun Dittrich Diplom-Sozialp\u00e4dagogin, Einzel-, Paar und Familienberatung, Sexualp\u00e4dagogik f\u00fcr Jugendliche, Beratung sexuelle und\/oder k\u00f6rperliche Gewalt bei Kindern und Jugendlichen in Darmstadt.\",\"breadcrumb\":{\"@id\":\"https:\/\/gudrun-dittrich.de\/?page_id=280#breadcrumb\"},\"inLanguage\":\"de\",\"potentialAction\":[{\"@type\":\"ReadAction\",\"target\":[\"https:\/\/gudrun-dittrich.de\/?page_id=280\"]}]},{\"@type\":\"BreadcrumbList\",\"@id\":\"https:\/\/gudrun-dittrich.de\/?page_id=280#breadcrumb\",\"itemListElement\":[{\"@type\":\"ListItem\",\"position\":1,\"name\":\"Startseite\",\"item\":\"https:\/\/gudrun-dittrich.de\/\"},{\"@type\":\"ListItem\",\"position\":2,\"name\":\"Impressum\"}]},{\"@type\":\"WebSite\",\"@id\":\"https:\/\/gudrun-dittrich.de\/#website\",\"url\":\"https:\/\/gudrun-dittrich.de\/\",\"name\":\"Gudrun Dittrich\",\"description\":\"Gudrun Dittrich \u2013 Psychotherapie f\u00fcr Kinder und Jugendliche\",\"publisher\":{\"@id\":\"https:\/\/gudrun-dittrich.de\/#organization\"},\"potentialAction\":[{\"@type\":\"SearchAction\",\"target\":{\"@type\":\"EntryPoint\",\"urlTemplate\":\"https:\/\/gudrun-dittrich.de\/?s={search_term_string}\"},\"query-input\":\"required name=search_term_string\"}],\"inLanguage\":\"de\"},{\"@type\":\"Organization\",\"@id\":\"https:\/\/gudrun-dittrich.de\/#organization\",\"name\":\"Gudrun Dittrich - Psychotherapie f\u00fcr Kinder und Jugendliche\",\"url\":\"https:\/\/gudrun-dittrich.de\/\",\"logo\":{\"@type\":\"ImageObject\",\"inLanguage\":\"de\",\"@id\":\"https:\/\/gudrun-dittrich.de\/#\/schema\/logo\/image\/\",\"url\":\"https:\/\/gudrun-dittrich.de\/wp-content\/uploads\/2019\/04\/Gudrun_Dittrich_fav_512.jpg\",\"contentUrl\":\"https:\/\/gudrun-dittrich.de\/wp-content\/uploads\/2019\/04\/Gudrun_Dittrich_fav_512.jpg\",\"width\":512,\"height\":512,\"caption\":\"Gudrun Dittrich - Psychotherapie f\u00fcr Kinder und Jugendliche\"},\"image\":{\"@id\":\"https:\/\/gudrun-dittrich.de\/#\/schema\/logo\/image\/\"}}]}<\/script>\n<!-- \/ Yoast SEO plugin. -->","yoast_head_json":{"title":"Impressum | Gudrun Dittrich %","description":"Psychotherapie f\u00fcr Kinder und Jugendliche in Darmstadt, Gudrun Dittrich, Kinder- und Jugendlichenpsychotherapeutin Tiefenpsychologie und Psychoanalyse Darmstadt, Ausbildung am Alfred Adler Institut Mainz, Gudrun Dittrich Diplom-Sozialp\u00e4dagogin, Einzel-, Paar und Familienberatung, Sexualp\u00e4dagogik f\u00fcr Jugendliche, Beratung sexuelle und\/oder k\u00f6rperliche Gewalt bei Kindern und Jugendlichen in Darmstadt.","robots":{"index":"index","follow":"follow","max-snippet":"max-snippet:-1","max-image-preview":"max-image-preview:large","max-video-preview":"max-video-preview:-1"},"canonical":"https:\/\/gudrun-dittrich.de\/?page_id=280","og_locale":"de_DE","og_type":"article","og_title":"Impressum | Gudrun Dittrich %","og_description":"Psychotherapie f\u00fcr Kinder und Jugendliche in Darmstadt, Gudrun Dittrich, Kinder- und Jugendlichenpsychotherapeutin Tiefenpsychologie und Psychoanalyse Darmstadt, Ausbildung am Alfred Adler Institut Mainz, Gudrun Dittrich Diplom-Sozialp\u00e4dagogin, Einzel-, Paar und Familienberatung, Sexualp\u00e4dagogik f\u00fcr Jugendliche, Beratung sexuelle und\/oder k\u00f6rperliche Gewalt bei Kindern und Jugendlichen in Darmstadt.","og_url":"https:\/\/gudrun-dittrich.de\/?page_id=280","og_site_name":"Gudrun Dittrich","article_modified_time":"2019-08-07T18:55:18+00:00","og_image":[{"url":"https:\/\/gudrun-dittrich.de\/wp-content\/uploads\/2019\/04\/kontak2t.jpg"}],"twitter_card":"summary_large_image","twitter_misc":{"Gesch\u00e4tzte Lesezeit":"2\u00a0Minuten"},"schema":{"@context":"https:\/\/schema.org","@graph":[{"@type":"WebPage","@id":"https:\/\/gudrun-dittrich.de\/?page_id=280","url":"https:\/\/gudrun-dittrich.de\/?page_id=280","name":"Impressum | Gudrun Dittrich %","isPartOf":{"@id":"https:\/\/gudrun-dittrich.de\/#website"},"datePublished":"2019-04-15T12:47:33+00:00","dateModified":"2019-08-07T18:55:18+00:00","description":"Psychotherapie f\u00fcr Kinder und Jugendliche in Darmstadt, Gudrun Dittrich, Kinder- und Jugendlichenpsychotherapeutin Tiefenpsychologie und Psychoanalyse Darmstadt, Ausbildung am Alfred Adler Institut Mainz, Gudrun Dittrich Diplom-Sozialp\u00e4dagogin, Einzel-, Paar und Familienberatung, Sexualp\u00e4dagogik f\u00fcr Jugendliche, Beratung sexuelle und\/oder k\u00f6rperliche Gewalt bei Kindern und Jugendlichen in Darmstadt.","breadcrumb":{"@id":"https:\/\/gudrun-dittrich.de\/?page_id=280#breadcrumb"},"inLanguage":"de","potentialAction":[{"@type":"ReadAction","target":["https:\/\/gudrun-dittrich.de\/?page_id=280"]}]},{"@type":"BreadcrumbList","@id":"https:\/\/gudrun-dittrich.de\/?page_id=280#breadcrumb","itemListElement":[{"@type":"ListItem","position":1,"name":"Startseite","item":"https:\/\/gudrun-dittrich.de\/"},{"@type":"ListItem","position":2,"name":"Impressum"}]},{"@type":"WebSite","@id":"https:\/\/gudrun-dittrich.de\/#website","url":"https:\/\/gudrun-dittrich.de\/","name":"Gudrun Dittrich","description":"Gudrun Dittrich \u2013 Psychotherapie f\u00fcr Kinder und Jugendliche","publisher":{"@id":"https:\/\/gudrun-dittrich.de\/#organization"},"potentialAction":[{"@type":"SearchAction","target":{"@type":"EntryPoint","urlTemplate":"https:\/\/gudrun-dittrich.de\/?s={search_term_string}"},"query-input":"required name=search_term_string"}],"inLanguage":"de"},{"@type":"Organization","@id":"https:\/\/gudrun-dittrich.de\/#organization","name":"Gudrun Dittrich - Psychotherapie f\u00fcr Kinder und Jugendliche","url":"https:\/\/gudrun-dittrich.de\/","logo":{"@type":"ImageObject","inLanguage":"de","@id":"https:\/\/gudrun-dittrich.de\/#\/schema\/logo\/image\/","url":"https:\/\/gudrun-dittrich.de\/wp-content\/uploads\/2019\/04\/Gudrun_Dittrich_fav_512.jpg","contentUrl":"https:\/\/gudrun-dittrich.de\/wp-content\/uploads\/2019\/04\/Gudrun_Dittrich_fav_512.jpg","width":512,"height":512,"caption":"Gudrun Dittrich - Psychotherapie f\u00fcr Kinder und Jugendliche"},"image":{"@id":"https:\/\/gudrun-dittrich.de\/#\/schema\/logo\/image\/"}}]}},"_links":{"self":[{"href":"https:\/\/gudrun-dittrich.de\/index.php?rest_route=\/wp\/v2\/pages\/280"}],"collection":[{"href":"https:\/\/gudrun-dittrich.de\/index.php?rest_route=\/wp\/v2\/pages"}],"about":[{"href":"https:\/\/gudrun-dittrich.de\/index.php?rest_route=\/wp\/v2\/types\/page"}],"author":[{"embeddable":true,"href":"https:\/\/gudrun-dittrich.de\/index.php?rest_route=\/wp\/v2\/users\/1"}],"replies":[{"embeddable":true,"href":"https:\/\/gudrun-dittrich.de\/index.php?rest_route=%2Fwp%2Fv2%2Fcomments&post=280"}],"version-history":[{"count":12,"href":"https:\/\/gudrun-dittrich.de\/index.php?rest_route=\/wp\/v2\/pages\/280\/revisions"}],"predecessor-version":[{"id":409,"href":"https:\/\/gudrun-dittrich.de\/index.php?rest_route=\/wp\/v2\/pages\/280\/revisions\/409"}],"wp:attachment":[{"href":"https:\/\/gudrun-dittrich.de\/index.php?rest_route=%2Fwp%2Fv2%2Fmedia&parent=280"}],"curies":[{"name":"wp","href":"https:\/\/api.w.org\/{rel}","templated":true}]}}