{"id":272,"date":"2019-04-15T12:45:58","date_gmt":"2019-04-15T12:45:58","guid":{"rendered":"http:\/\/kinderpsychotherapie.gudrun-dittrich.de\/?page_id=272"},"modified":"2019-08-09T08:29:13","modified_gmt":"2019-08-09T06:29:13","slug":"kontakt","status":"publish","type":"page","link":"https:\/\/gudrun-dittrich.de\/?page_id=272","title":{"rendered":"Kontakt\/Anfahrt"},"content":{"rendered":"\t\t<div data-elementor-type=\"wp-post\" data-elementor-id=\"272\" class=\"elementor elementor-272\">\n\t\t\t\t\t\t\t\t\t<div class=\"elementor-section elementor-top-section elementor-element elementor-element-7eda0a5 elementor-section-content-top elementor-section-boxed elementor-section-height-default elementor-section-height-default\" data-id=\"7eda0a5\" data-element_type=\"section\">\n\t\t\t\t\t\t<div class=\"elementor-container elementor-column-gap-default\">\n\t\t\t\t\t<div class=\"elementor-column elementor-col-100 elementor-top-column elementor-element elementor-element-1d0b81f\" data-id=\"1d0b81f\" data-element_type=\"column\">\n\t\t\t<div class=\"elementor-widget-wrap elementor-element-populated\">\n\t\t\t\t\t\t\t\t<div class=\"elementor-element elementor-element-6eb810c elementor-invisible elementor-widget elementor-widget-image\" data-id=\"6eb810c\" data-element_type=\"widget\" data-settings=\"{&quot;_animation&quot;:&quot;fadeInLeft&quot;}\" data-widget_type=\"image.default\">\n\t\t\t\t<div class=\"elementor-widget-container\">\n\t\t\t\t\t\t\t\t\t\t\t\t\t\t\t<img fetchpriority=\"high\" decoding=\"async\" width=\"900\" height=\"150\" src=\"https:\/\/gudrun-dittrich.de\/wp-content\/uploads\/2019\/04\/anfahrt.jpg\" class=\"attachment-full size-full wp-image-330\" alt=\"\" srcset=\"https:\/\/gudrun-dittrich.de\/wp-content\/uploads\/2019\/04\/anfahrt.jpg 900w, https:\/\/gudrun-dittrich.de\/wp-content\/uploads\/2019\/04\/anfahrt-300x50.jpg 300w, https:\/\/gudrun-dittrich.de\/wp-content\/uploads\/2019\/04\/anfahrt-768x128.jpg 768w\" sizes=\"(max-width: 900px) 100vw, 900px\" \/>\t\t\t\t\t\t\t\t\t\t\t\t\t\t\t<\/div>\n\t\t\t\t<\/div>\n\t\t\t\t\t<\/div>\n\t\t<\/div>\n\t\t\t\t\t\t\t<\/div>\n\t\t<\/div>\n\t\t\t\t<section class=\"elementor-section elementor-top-section elementor-element elementor-element-2206786 elementor-section-boxed elementor-section-height-default elementor-section-height-default\" data-id=\"2206786\" data-element_type=\"section\">\n\t\t\t\t\t\t<div class=\"elementor-container elementor-column-gap-default\">\n\t\t\t\t\t<div class=\"elementor-column elementor-col-100 elementor-top-column elementor-element elementor-element-9156f3d\" data-id=\"9156f3d\" data-element_type=\"column\">\n\t\t\t<div class=\"elementor-widget-wrap elementor-element-populated\">\n\t\t\t\t\t\t\t\t<div class=\"elementor-element elementor-element-228ed16 elementor-widget elementor-widget-spacer\" data-id=\"228ed16\" data-element_type=\"widget\" data-widget_type=\"spacer.default\">\n\t\t\t\t<div class=\"elementor-widget-container\">\n\t\t\t\t\t<div class=\"elementor-spacer\">\n\t\t\t<div class=\"elementor-spacer-inner\"><\/div>\n\t\t<\/div>\n\t\t\t\t<\/div>\n\t\t\t\t<\/div>\n\t\t\t\t\t<\/div>\n\t\t<\/div>\n\t\t\t\t\t\t\t<\/div>\n\t\t<\/section>\n\t\t\t\t<section class=\"elementor-section elementor-top-section elementor-element elementor-element-c684688 elementor-section-full_width elementor-section-height-default elementor-section-height-default\" data-id=\"c684688\" data-element_type=\"section\">\n\t\t\t\t\t\t<div class=\"elementor-container elementor-column-gap-default\">\n\t\t\t\t\t<div class=\"elementor-column elementor-col-100 elementor-top-column elementor-element elementor-element-641ee7b\" data-id=\"641ee7b\" data-element_type=\"column\">\n\t\t\t<div class=\"elementor-widget-wrap elementor-element-populated\">\n\t\t\t\t\t\t\t\t<div class=\"elementor-element elementor-element-d3c07c8 elementor-widget elementor-widget-heading\" data-id=\"d3c07c8\" data-element_type=\"widget\" data-widget_type=\"heading.default\">\n\t\t\t\t<div class=\"elementor-widget-container\">\n\t\t\t<h2 class=\"elementor-heading-title elementor-size-default\">Kontakt<\/h2>\t\t<\/div>\n\t\t\t\t<\/div>\n\t\t\t\t<div class=\"elementor-element elementor-element-d85d0bd elementor-widget elementor-widget-text-editor\" data-id=\"d85d0bd\" data-element_type=\"widget\" data-widget_type=\"text-editor.default\">\n\t\t\t\t<div class=\"elementor-widget-container\">\n\t\t\t\t\t\t\t<p><strong>Gudrun Dittrich<\/strong><br \/>Praxis f\u00fcr Kinder- und Jugendlichenpsychotherapie<br \/>Wilhelminenstra\u00dfe 38<br \/>64285 Darmstadt<\/p><p>Telefon:\u00a0 0151 514 735 36<\/p><div>\u00a0<\/div><p>Terminvereinbarungen nur nach vorheriger telefonischer Kontaktaufnahme. Vielen Dank.<\/p>\t\t\t\t\t\t<\/div>\n\t\t\t\t<\/div>\n\t\t\t\t\t<\/div>\n\t\t<\/div>\n\t\t\t\t\t\t\t<\/div>\n\t\t<\/section>\n\t\t\t\t<section class=\"elementor-section elementor-top-section elementor-element elementor-element-59d4c99 elementor-section-boxed elementor-section-height-default elementor-section-height-default\" data-id=\"59d4c99\" data-element_type=\"section\">\n\t\t\t\t\t\t<div class=\"elementor-container elementor-column-gap-default\">\n\t\t\t\t\t<div class=\"elementor-column elementor-col-100 elementor-top-column elementor-element elementor-element-c9ff669\" data-id=\"c9ff669\" data-element_type=\"column\">\n\t\t\t<div class=\"elementor-widget-wrap elementor-element-populated\">\n\t\t\t\t\t\t\t\t<div class=\"elementor-element elementor-element-b0fdfba elementor-widget elementor-widget-heading\" data-id=\"b0fdfba\" data-element_type=\"widget\" data-widget_type=\"heading.default\">\n\t\t\t\t<div class=\"elementor-widget-container\">\n\t\t\t<h2 class=\"elementor-heading-title elementor-size-default\">Anfahrt<br><\/h2>\t\t<\/div>\n\t\t\t\t<\/div>\n\t\t\t\t\t<\/div>\n\t\t<\/div>\n\t\t\t\t\t\t\t<\/div>\n\t\t<\/section>\n\t\t\t\t<section class=\"elementor-section elementor-top-section elementor-element elementor-element-91d8035 elementor-section-boxed elementor-section-height-default elementor-section-height-default\" data-id=\"91d8035\" data-element_type=\"section\">\n\t\t\t\t\t\t<div class=\"elementor-container elementor-column-gap-default\">\n\t\t\t\t\t<div class=\"elementor-column elementor-col-100 elementor-top-column elementor-element elementor-element-9453f27\" data-id=\"9453f27\" data-element_type=\"column\">\n\t\t\t<div class=\"elementor-widget-wrap elementor-element-populated\">\n\t\t\t\t\t\t\t\t<div class=\"elementor-element elementor-element-b3dc7a5 elementor-invisible elementor-widget elementor-widget-google_maps\" data-id=\"b3dc7a5\" data-element_type=\"widget\" data-settings=\"{&quot;_animation&quot;:&quot;zoomIn&quot;}\" data-widget_type=\"google_maps.default\">\n\t\t\t\t<div class=\"elementor-widget-container\">\n\t\t\t\t\t<div class=\"elementor-custom-embed\">\n\t\t\t<iframe loading=\"lazy\"\n\t\t\t\t\tsrc=\"https:\/\/maps.google.com\/maps?q=Wilhelminenstra%C3%9Fe%2038%2C%2064285%20Darmstadt%2C%20Deutschland&#038;t=m&#038;z=10&#038;output=embed&#038;iwloc=near\"\n\t\t\t\t\ttitle=\"Wilhelminenstra\u00dfe 38, 64285 Darmstadt, Deutschland\"\n\t\t\t\t\taria-label=\"Wilhelminenstra\u00dfe 38, 64285 Darmstadt, Deutschland\"\n\t\t\t><\/iframe>\n\t\t<\/div>\n\t\t\t\t<\/div>\n\t\t\t\t<\/div>\n\t\t\t\t\t<\/div>\n\t\t<\/div>\n\t\t\t\t\t\t\t<\/div>\n\t\t<\/section>\n\t\t\t\t<section class=\"elementor-section elementor-top-section elementor-element elementor-element-93450a0 elementor-section-boxed elementor-section-height-default elementor-section-height-default\" data-id=\"93450a0\" data-element_type=\"section\">\n\t\t\t\t\t\t<div class=\"elementor-container elementor-column-gap-default\">\n\t\t\t\t\t<div class=\"elementor-column elementor-col-100 elementor-top-column elementor-element elementor-element-4c4186d\" data-id=\"4c4186d\" data-element_type=\"column\">\n\t\t\t<div class=\"elementor-widget-wrap elementor-element-populated\">\n\t\t\t\t\t\t\t\t<div class=\"elementor-element elementor-element-c7b30e0 elementor-widget elementor-widget-spacer\" data-id=\"c7b30e0\" data-element_type=\"widget\" data-widget_type=\"spacer.default\">\n\t\t\t\t<div class=\"elementor-widget-container\">\n\t\t\t\t\t<div class=\"elementor-spacer\">\n\t\t\t<div class=\"elementor-spacer-inner\"><\/div>\n\t\t<\/div>\n\t\t\t\t<\/div>\n\t\t\t\t<\/div>\n\t\t\t\t\t<\/div>\n\t\t<\/div>\n\t\t\t\t\t\t\t<\/div>\n\t\t<\/section>\n\t\t\t\t\t\t\t<\/div>\n\t\t","protected":false},"excerpt":{"rendered":"<p>Kontakt Gudrun DittrichPraxis f\u00fcr Kinder- und JugendlichenpsychotherapieWilhelminenstra\u00dfe 3864285 Darmstadt Telefon:\u00a0 0151 514 735 36 \u00a0 Terminvereinbarungen nur nach vorheriger telefonischer Kontaktaufnahme. Vielen Dank. Anfahrt<\/p>\n","protected":false},"author":1,"featured_media":0,"parent":0,"menu_order":0,"comment_status":"closed","ping_status":"closed","template":"","meta":{"ocean_post_layout":"","ocean_both_sidebars_style":"","ocean_both_sidebars_content_width":0,"ocean_both_sidebars_sidebars_width":0,"ocean_sidebar":"0","ocean_second_sidebar":"0","ocean_disable_margins":"enable","ocean_add_body_class":"","ocean_shortcode_before_top_bar":"","ocean_shortcode_after_top_bar":"","ocean_shortcode_before_header":"","ocean_shortcode_after_header":"","ocean_has_shortcode":"","ocean_shortcode_after_title":"","ocean_shortcode_before_footer_widgets":"","ocean_shortcode_after_footer_widgets":"","ocean_shortcode_before_footer_bottom":"","ocean_shortcode_after_footer_bottom":"","ocean_display_top_bar":"default","ocean_display_header":"default","ocean_header_style":"","ocean_center_header_left_menu":"0","ocean_custom_header_template":"0","ocean_custom_logo":202,"ocean_custom_retina_logo":0,"ocean_custom_logo_max_width":0,"ocean_custom_logo_tablet_max_width":0,"ocean_custom_logo_mobile_max_width":0,"ocean_custom_logo_max_height":0,"ocean_custom_logo_tablet_max_height":0,"ocean_custom_logo_mobile_max_height":0,"ocean_header_custom_menu":"0","ocean_menu_typo_font_family":"0","ocean_menu_typo_font_subset":"","ocean_menu_typo_font_size":0,"ocean_menu_typo_font_size_tablet":0,"ocean_menu_typo_font_size_mobile":0,"ocean_menu_typo_font_size_unit":"px","ocean_menu_typo_font_weight":"","ocean_menu_typo_font_weight_tablet":"","ocean_menu_typo_font_weight_mobile":"","ocean_menu_typo_transform":"","ocean_menu_typo_transform_tablet":"","ocean_menu_typo_transform_mobile":"","ocean_menu_typo_line_height":0,"ocean_menu_typo_line_height_tablet":0,"ocean_menu_typo_line_height_mobile":0,"ocean_menu_typo_line_height_unit":"","ocean_menu_typo_spacing":0,"ocean_menu_typo_spacing_tablet":0,"ocean_menu_typo_spacing_mobile":0,"ocean_menu_typo_spacing_unit":"","ocean_menu_link_color":"","ocean_menu_link_color_hover":"","ocean_menu_link_color_active":"","ocean_menu_link_background":"","ocean_menu_link_hover_background":"","ocean_menu_link_active_background":"","ocean_menu_social_links_bg":"","ocean_menu_social_hover_links_bg":"","ocean_menu_social_links_color":"","ocean_menu_social_hover_links_color":"","ocean_disable_title":"default","ocean_disable_heading":"default","ocean_post_title":"","ocean_post_subheading":"","ocean_post_title_style":"","ocean_post_title_background_color":"","ocean_post_title_background":0,"ocean_post_title_bg_image_position":"","ocean_post_title_bg_image_attachment":"","ocean_post_title_bg_image_repeat":"","ocean_post_title_bg_image_size":"","ocean_post_title_height":0,"ocean_post_title_bg_overlay":0.5,"ocean_post_title_bg_overlay_color":"","ocean_disable_breadcrumbs":"on","ocean_breadcrumbs_color":"#ff9800","ocean_breadcrumbs_separator_color":"#ff9800","ocean_breadcrumbs_links_color":"#e91e63","ocean_breadcrumbs_links_hover_color":"#ffc107","ocean_display_footer_widgets":"off","ocean_display_footer_bottom":"default","ocean_custom_footer_template":"0","footnotes":""},"yoast_head":"<!-- This site is optimized with the Yoast SEO plugin v21.8 - https:\/\/yoast.com\/wordpress\/plugins\/seo\/ -->\n<title>Kontakt\/Anfahrt | Gudrun Dittrich %<\/title>\n<meta name=\"description\" content=\"Psychotherapie f\u00fcr Kinder und Jugendliche in Darmstadt, Gudrun Dittrich, Kinder- und Jugendlichenpsychotherapeutin Tiefenpsychologie und Psychoanalyse Darmstadt, Ausbildung am Alfred Adler Institut Mainz, Gudrun Dittrich Diplom-Sozialp\u00e4dagogin, Einzel-, Paar und Familienberatung, Sexualp\u00e4dagogik f\u00fcr Jugendliche, Beratung sexuelle und\/oder k\u00f6rperliche Gewalt bei Kindern und Jugendlichen in Darmstadt.\" \/>\n<meta name=\"robots\" content=\"index, follow, max-snippet:-1, max-image-preview:large, max-video-preview:-1\" \/>\n<link rel=\"canonical\" href=\"https:\/\/gudrun-dittrich.de\/?page_id=272\" \/>\n<meta property=\"og:locale\" content=\"de_DE\" \/>\n<meta property=\"og:type\" content=\"article\" \/>\n<meta property=\"og:title\" content=\"Kontakt\/Anfahrt | Gudrun Dittrich %\" \/>\n<meta property=\"og:description\" content=\"Psychotherapie f\u00fcr Kinder und Jugendliche in Darmstadt, Gudrun Dittrich, Kinder- und Jugendlichenpsychotherapeutin Tiefenpsychologie und Psychoanalyse Darmstadt, Ausbildung am Alfred Adler Institut Mainz, Gudrun Dittrich Diplom-Sozialp\u00e4dagogin, Einzel-, Paar und Familienberatung, Sexualp\u00e4dagogik f\u00fcr Jugendliche, Beratung sexuelle und\/oder k\u00f6rperliche Gewalt bei Kindern und Jugendlichen in Darmstadt.\" \/>\n<meta property=\"og:url\" content=\"https:\/\/gudrun-dittrich.de\/?page_id=272\" \/>\n<meta property=\"og:site_name\" content=\"Gudrun Dittrich\" \/>\n<meta property=\"article:modified_time\" content=\"2019-08-09T06:29:13+00:00\" \/>\n<meta property=\"og:image\" content=\"https:\/\/gudrun-dittrich.de\/wp-content\/uploads\/2019\/04\/anfahrt.jpg\" \/>\n<meta name=\"twitter:card\" content=\"summary_large_image\" \/>\n<script type=\"application\/ld+json\" class=\"yoast-schema-graph\">{\"@context\":\"https:\/\/schema.org\",\"@graph\":[{\"@type\":\"WebPage\",\"@id\":\"https:\/\/gudrun-dittrich.de\/?page_id=272\",\"url\":\"https:\/\/gudrun-dittrich.de\/?page_id=272\",\"name\":\"Kontakt\/Anfahrt | Gudrun Dittrich %\",\"isPartOf\":{\"@id\":\"https:\/\/gudrun-dittrich.de\/#website\"},\"datePublished\":\"2019-04-15T12:45:58+00:00\",\"dateModified\":\"2019-08-09T06:29:13+00:00\",\"description\":\"Psychotherapie f\u00fcr Kinder und Jugendliche in Darmstadt, Gudrun Dittrich, Kinder- und Jugendlichenpsychotherapeutin Tiefenpsychologie und Psychoanalyse Darmstadt, Ausbildung am Alfred Adler Institut Mainz, Gudrun Dittrich Diplom-Sozialp\u00e4dagogin, Einzel-, Paar und Familienberatung, Sexualp\u00e4dagogik f\u00fcr Jugendliche, Beratung sexuelle und\/oder k\u00f6rperliche Gewalt bei Kindern und Jugendlichen in Darmstadt.\",\"breadcrumb\":{\"@id\":\"https:\/\/gudrun-dittrich.de\/?page_id=272#breadcrumb\"},\"inLanguage\":\"de\",\"potentialAction\":[{\"@type\":\"ReadAction\",\"target\":[\"https:\/\/gudrun-dittrich.de\/?page_id=272\"]}]},{\"@type\":\"BreadcrumbList\",\"@id\":\"https:\/\/gudrun-dittrich.de\/?page_id=272#breadcrumb\",\"itemListElement\":[{\"@type\":\"ListItem\",\"position\":1,\"name\":\"Startseite\",\"item\":\"https:\/\/gudrun-dittrich.de\/\"},{\"@type\":\"ListItem\",\"position\":2,\"name\":\"Kontakt\/Anfahrt\"}]},{\"@type\":\"WebSite\",\"@id\":\"https:\/\/gudrun-dittrich.de\/#website\",\"url\":\"https:\/\/gudrun-dittrich.de\/\",\"name\":\"Gudrun Dittrich\",\"description\":\"Gudrun Dittrich \u2013 Psychotherapie f\u00fcr Kinder und Jugendliche\",\"publisher\":{\"@id\":\"https:\/\/gudrun-dittrich.de\/#organization\"},\"potentialAction\":[{\"@type\":\"SearchAction\",\"target\":{\"@type\":\"EntryPoint\",\"urlTemplate\":\"https:\/\/gudrun-dittrich.de\/?s={search_term_string}\"},\"query-input\":\"required name=search_term_string\"}],\"inLanguage\":\"de\"},{\"@type\":\"Organization\",\"@id\":\"https:\/\/gudrun-dittrich.de\/#organization\",\"name\":\"Gudrun Dittrich - Psychotherapie f\u00fcr Kinder und Jugendliche\",\"url\":\"https:\/\/gudrun-dittrich.de\/\",\"logo\":{\"@type\":\"ImageObject\",\"inLanguage\":\"de\",\"@id\":\"https:\/\/gudrun-dittrich.de\/#\/schema\/logo\/image\/\",\"url\":\"https:\/\/gudrun-dittrich.de\/wp-content\/uploads\/2019\/04\/Gudrun_Dittrich_fav_512.jpg\",\"contentUrl\":\"https:\/\/gudrun-dittrich.de\/wp-content\/uploads\/2019\/04\/Gudrun_Dittrich_fav_512.jpg\",\"width\":512,\"height\":512,\"caption\":\"Gudrun Dittrich - Psychotherapie f\u00fcr Kinder und Jugendliche\"},\"image\":{\"@id\":\"https:\/\/gudrun-dittrich.de\/#\/schema\/logo\/image\/\"}}]}<\/script>\n<!-- \/ Yoast SEO plugin. -->","yoast_head_json":{"title":"Kontakt\/Anfahrt | Gudrun Dittrich %","description":"Psychotherapie f\u00fcr Kinder und Jugendliche in Darmstadt, Gudrun Dittrich, Kinder- und Jugendlichenpsychotherapeutin Tiefenpsychologie und Psychoanalyse Darmstadt, Ausbildung am Alfred Adler Institut Mainz, Gudrun Dittrich Diplom-Sozialp\u00e4dagogin, Einzel-, Paar und Familienberatung, Sexualp\u00e4dagogik f\u00fcr Jugendliche, Beratung sexuelle und\/oder k\u00f6rperliche Gewalt bei Kindern und Jugendlichen in Darmstadt.","robots":{"index":"index","follow":"follow","max-snippet":"max-snippet:-1","max-image-preview":"max-image-preview:large","max-video-preview":"max-video-preview:-1"},"canonical":"https:\/\/gudrun-dittrich.de\/?page_id=272","og_locale":"de_DE","og_type":"article","og_title":"Kontakt\/Anfahrt | Gudrun Dittrich %","og_description":"Psychotherapie f\u00fcr Kinder und Jugendliche in Darmstadt, Gudrun Dittrich, Kinder- und Jugendlichenpsychotherapeutin Tiefenpsychologie und Psychoanalyse Darmstadt, Ausbildung am Alfred Adler Institut Mainz, Gudrun Dittrich Diplom-Sozialp\u00e4dagogin, Einzel-, Paar und Familienberatung, Sexualp\u00e4dagogik f\u00fcr Jugendliche, Beratung sexuelle und\/oder k\u00f6rperliche Gewalt bei Kindern und Jugendlichen in Darmstadt.","og_url":"https:\/\/gudrun-dittrich.de\/?page_id=272","og_site_name":"Gudrun Dittrich","article_modified_time":"2019-08-09T06:29:13+00:00","og_image":[{"url":"https:\/\/gudrun-dittrich.de\/wp-content\/uploads\/2019\/04\/anfahrt.jpg"}],"twitter_card":"summary_large_image","schema":{"@context":"https:\/\/schema.org","@graph":[{"@type":"WebPage","@id":"https:\/\/gudrun-dittrich.de\/?page_id=272","url":"https:\/\/gudrun-dittrich.de\/?page_id=272","name":"Kontakt\/Anfahrt | Gudrun Dittrich %","isPartOf":{"@id":"https:\/\/gudrun-dittrich.de\/#website"},"datePublished":"2019-04-15T12:45:58+00:00","dateModified":"2019-08-09T06:29:13+00:00","description":"Psychotherapie f\u00fcr Kinder und Jugendliche in Darmstadt, Gudrun Dittrich, Kinder- und Jugendlichenpsychotherapeutin Tiefenpsychologie und Psychoanalyse Darmstadt, Ausbildung am Alfred Adler Institut Mainz, Gudrun Dittrich Diplom-Sozialp\u00e4dagogin, Einzel-, Paar und Familienberatung, Sexualp\u00e4dagogik f\u00fcr Jugendliche, Beratung sexuelle und\/oder k\u00f6rperliche Gewalt bei Kindern und Jugendlichen in Darmstadt.","breadcrumb":{"@id":"https:\/\/gudrun-dittrich.de\/?page_id=272#breadcrumb"},"inLanguage":"de","potentialAction":[{"@type":"ReadAction","target":["https:\/\/gudrun-dittrich.de\/?page_id=272"]}]},{"@type":"BreadcrumbList","@id":"https:\/\/gudrun-dittrich.de\/?page_id=272#breadcrumb","itemListElement":[{"@type":"ListItem","position":1,"name":"Startseite","item":"https:\/\/gudrun-dittrich.de\/"},{"@type":"ListItem","position":2,"name":"Kontakt\/Anfahrt"}]},{"@type":"WebSite","@id":"https:\/\/gudrun-dittrich.de\/#website","url":"https:\/\/gudrun-dittrich.de\/","name":"Gudrun Dittrich","description":"Gudrun Dittrich \u2013 Psychotherapie f\u00fcr Kinder und Jugendliche","publisher":{"@id":"https:\/\/gudrun-dittrich.de\/#organization"},"potentialAction":[{"@type":"SearchAction","target":{"@type":"EntryPoint","urlTemplate":"https:\/\/gudrun-dittrich.de\/?s={search_term_string}"},"query-input":"required name=search_term_string"}],"inLanguage":"de"},{"@type":"Organization","@id":"https:\/\/gudrun-dittrich.de\/#organization","name":"Gudrun Dittrich - Psychotherapie f\u00fcr Kinder und Jugendliche","url":"https:\/\/gudrun-dittrich.de\/","logo":{"@type":"ImageObject","inLanguage":"de","@id":"https:\/\/gudrun-dittrich.de\/#\/schema\/logo\/image\/","url":"https:\/\/gudrun-dittrich.de\/wp-content\/uploads\/2019\/04\/Gudrun_Dittrich_fav_512.jpg","contentUrl":"https:\/\/gudrun-dittrich.de\/wp-content\/uploads\/2019\/04\/Gudrun_Dittrich_fav_512.jpg","width":512,"height":512,"caption":"Gudrun Dittrich - Psychotherapie f\u00fcr Kinder und Jugendliche"},"image":{"@id":"https:\/\/gudrun-dittrich.de\/#\/schema\/logo\/image\/"}}]}},"_links":{"self":[{"href":"https:\/\/gudrun-dittrich.de\/index.php?rest_route=\/wp\/v2\/pages\/272"}],"collection":[{"href":"https:\/\/gudrun-dittrich.de\/index.php?rest_route=\/wp\/v2\/pages"}],"about":[{"href":"https:\/\/gudrun-dittrich.de\/index.php?rest_route=\/wp\/v2\/types\/page"}],"author":[{"embeddable":true,"href":"https:\/\/gudrun-dittrich.de\/index.php?rest_route=\/wp\/v2\/users\/1"}],"replies":[{"embeddable":true,"href":"https:\/\/gudrun-dittrich.de\/index.php?rest_route=%2Fwp%2Fv2%2Fcomments&post=272"}],"version-history":[{"count":15,"href":"https:\/\/gudrun-dittrich.de\/index.php?rest_route=\/wp\/v2\/pages\/272\/revisions"}],"predecessor-version":[{"id":423,"href":"https:\/\/gudrun-dittrich.de\/index.php?rest_route=\/wp\/v2\/pages\/272\/revisions\/423"}],"wp:attachment":[{"href":"https:\/\/gudrun-dittrich.de\/index.php?rest_route=%2Fwp%2Fv2%2Fmedia&parent=272"}],"curies":[{"name":"wp","href":"https:\/\/api.w.org\/{rel}","templated":true}]}}