{"id":260,"date":"2019-04-15T12:25:36","date_gmt":"2019-04-15T12:25:36","guid":{"rendered":"http:\/\/kinderpsychotherapie.gudrun-dittrich.de\/?page_id=260"},"modified":"2023-12-06T00:14:53","modified_gmt":"2023-12-05T22:14:53","slug":"fuer-kinder","status":"publish","type":"page","link":"https:\/\/gudrun-dittrich.de\/?page_id=260","title":{"rendered":"F\u00fcr Kinder"},"content":{"rendered":"\t\t<div data-elementor-type=\"wp-post\" data-elementor-id=\"260\" class=\"elementor elementor-260\">\n\t\t\t\t\t\t\t\t\t<div class=\"elementor-section elementor-top-section elementor-element elementor-element-7eda0a5 elementor-section-content-top elementor-section-boxed elementor-section-height-default elementor-section-height-default\" data-id=\"7eda0a5\" data-element_type=\"section\">\n\t\t\t\t\t\t<div class=\"elementor-container elementor-column-gap-default\">\n\t\t\t\t\t<div class=\"elementor-column elementor-col-100 elementor-top-column elementor-element elementor-element-1d0b81f\" data-id=\"1d0b81f\" data-element_type=\"column\">\n\t\t\t<div class=\"elementor-widget-wrap elementor-element-populated\">\n\t\t\t\t\t\t\t\t<div class=\"elementor-element elementor-element-2aebdfe elementor-invisible elementor-widget elementor-widget-image-gallery\" data-id=\"2aebdfe\" data-element_type=\"widget\" data-settings=\"{&quot;_animation&quot;:&quot;fadeInRight&quot;}\" data-widget_type=\"image-gallery.default\">\n\t\t\t\t<div class=\"elementor-widget-container\">\n\t\t\t\t\t<div class=\"elementor-image-gallery\">\n\t\t\t<div id='gallery-1' class='gallery galleryid-260 gallery-columns-1 gallery-size-full'><figure class='gallery-item'>\n\t\t\t<div class='gallery-icon landscape'>\n\t\t\t\t<img fetchpriority=\"high\" decoding=\"async\" width=\"900\" height=\"150\" src=\"https:\/\/gudrun-dittrich.de\/wp-content\/uploads\/2019\/04\/OBFD7G0_900x150.jpg\" class=\"attachment-full size-full\" alt=\"\" srcset=\"https:\/\/gudrun-dittrich.de\/wp-content\/uploads\/2019\/04\/OBFD7G0_900x150.jpg 900w, https:\/\/gudrun-dittrich.de\/wp-content\/uploads\/2019\/04\/OBFD7G0_900x150-300x50.jpg 300w, https:\/\/gudrun-dittrich.de\/wp-content\/uploads\/2019\/04\/OBFD7G0_900x150-768x128.jpg 768w\" sizes=\"(max-width: 900px) 100vw, 900px\" \/>\n\t\t\t<\/div><\/figure>\n\t\t<\/div>\n\t\t<\/div>\n\t\t\t\t<\/div>\n\t\t\t\t<\/div>\n\t\t\t\t\t<\/div>\n\t\t<\/div>\n\t\t\t\t\t\t\t<\/div>\n\t\t<\/div>\n\t\t\t\t<section class=\"elementor-section elementor-top-section elementor-element elementor-element-2206786 elementor-section-boxed elementor-section-height-default elementor-section-height-default\" data-id=\"2206786\" data-element_type=\"section\">\n\t\t\t\t\t\t<div class=\"elementor-container elementor-column-gap-default\">\n\t\t\t\t\t<div class=\"elementor-column elementor-col-100 elementor-top-column elementor-element elementor-element-9156f3d\" data-id=\"9156f3d\" data-element_type=\"column\">\n\t\t\t<div class=\"elementor-widget-wrap elementor-element-populated\">\n\t\t\t\t\t\t\t\t<div class=\"elementor-element elementor-element-228ed16 elementor-widget elementor-widget-spacer\" data-id=\"228ed16\" data-element_type=\"widget\" data-widget_type=\"spacer.default\">\n\t\t\t\t<div class=\"elementor-widget-container\">\n\t\t\t\t\t<div class=\"elementor-spacer\">\n\t\t\t<div class=\"elementor-spacer-inner\"><\/div>\n\t\t<\/div>\n\t\t\t\t<\/div>\n\t\t\t\t<\/div>\n\t\t\t\t\t<\/div>\n\t\t<\/div>\n\t\t\t\t\t\t\t<\/div>\n\t\t<\/section>\n\t\t\t\t<section class=\"elementor-section elementor-top-section elementor-element elementor-element-ba78c2e elementor-section-full_width elementor-section-height-default elementor-section-height-default\" data-id=\"ba78c2e\" data-element_type=\"section\">\n\t\t\t\t\t\t<div class=\"elementor-container elementor-column-gap-default\">\n\t\t\t\t\t<div class=\"elementor-column elementor-col-100 elementor-top-column elementor-element elementor-element-02b46c4\" data-id=\"02b46c4\" data-element_type=\"column\">\n\t\t\t<div class=\"elementor-widget-wrap elementor-element-populated\">\n\t\t\t\t\t\t\t\t<div class=\"elementor-element elementor-element-d8b225f elementor-widget elementor-widget-heading\" data-id=\"d8b225f\" data-element_type=\"widget\" data-widget_type=\"heading.default\">\n\t\t\t\t<div class=\"elementor-widget-container\">\n\t\t\t<h2 class=\"elementor-heading-title elementor-size-default\">F\u00fcr Kinder und Jugendliche<\/h2>\t\t<\/div>\n\t\t\t\t<\/div>\n\t\t\t\t\t<\/div>\n\t\t<\/div>\n\t\t\t\t\t\t\t<\/div>\n\t\t<\/section>\n\t\t\t\t<section class=\"elementor-section elementor-top-section elementor-element elementor-element-a1271d6 elementor-section-boxed elementor-section-height-default elementor-section-height-default\" data-id=\"a1271d6\" data-element_type=\"section\">\n\t\t\t\t\t\t<div class=\"elementor-container elementor-column-gap-default\">\n\t\t\t\t\t<div class=\"elementor-column elementor-col-100 elementor-top-column elementor-element elementor-element-a16f514\" data-id=\"a16f514\" data-element_type=\"column\">\n\t\t\t<div class=\"elementor-widget-wrap elementor-element-populated\">\n\t\t\t\t\t\t\t\t<div class=\"elementor-element elementor-element-edd5dd3 elementor-widget elementor-widget-spacer\" data-id=\"edd5dd3\" data-element_type=\"widget\" data-widget_type=\"spacer.default\">\n\t\t\t\t<div class=\"elementor-widget-container\">\n\t\t\t\t\t<div class=\"elementor-spacer\">\n\t\t\t<div class=\"elementor-spacer-inner\"><\/div>\n\t\t<\/div>\n\t\t\t\t<\/div>\n\t\t\t\t<\/div>\n\t\t\t\t\t<\/div>\n\t\t<\/div>\n\t\t\t\t\t\t\t<\/div>\n\t\t<\/section>\n\t\t\t\t<section class=\"elementor-section elementor-top-section elementor-element elementor-element-b8d9bdd elementor-section-boxed elementor-section-height-default elementor-section-height-default\" data-id=\"b8d9bdd\" data-element_type=\"section\">\n\t\t\t\t\t\t<div class=\"elementor-container elementor-column-gap-default\">\n\t\t\t\t\t<div class=\"elementor-column elementor-col-100 elementor-top-column elementor-element elementor-element-bc20827\" data-id=\"bc20827\" data-element_type=\"column\">\n\t\t\t<div class=\"elementor-widget-wrap elementor-element-populated\">\n\t\t\t\t\t\t\t\t<div class=\"elementor-element elementor-element-9c7fc7f elementor-widget elementor-widget-text-editor\" data-id=\"9c7fc7f\" data-element_type=\"widget\" data-widget_type=\"text-editor.default\">\n\t\t\t\t<div class=\"elementor-widget-container\">\n\t\t\t\t\t\t\t<p><strong>Liebe Kinder und \u00a0Jugendliche,<\/strong><\/p><p>Der Weg, erwachsen zu werden, ist voller Hoch- und Tiefs. Das Vertrauen in sich selbst muss wachsen und wird doch auch immer wieder ersch\u00fcttert. Dies kann durch \u00e4u\u00dfere Ereignisse oder innere Selbstzweifel und Verunsicherungen entstehen.<\/p><p>Ausl\u00f6ser daf\u00fcr k\u00f6nnen z.B. sein:<\/p><p>Schulstress \u2013 Schwierigkeiten in Freundschaften \u2013 famili\u00e4re Konflikte \u2013 Mobbing \u2013 Zur\u00fcckweisungen \u2013 Probleme der Eltern mit sich selbst \u2013 Krankheiten von Familienmitgliedern \u2013 Gewalterfahrungen.<br \/>So kann gro\u00dfer emotionaler Stress entstehen und manchmal schwere seelische Verletzungen verursachen.<\/p><p>Manchmal mag es so erscheinen, als g\u00e4be es keinen Ausweg.<\/p><p>Um L\u00f6sungen f\u00fcr deine Probleme zu finden, kann dir eine spezielle Psychotherapie f\u00fcr Kinder und Jugendliche helfen.<\/p><p>Gemeinsam k\u00f6nnen wir die heilsamen Kr\u00e4fte in dir freilegen, um L\u00f6sungen f\u00fcr dich zu finden. Dazu geh\u00f6rt Mut und zeitweise ist es harte Arbeit, sich mit den eigenen seelischen Verletzungen zu besch\u00e4ftigen.<\/p><p>Nach meiner Erfahrung habt gerade ihr Kinder und Jugendliche dank eurer Phantasie und Kreativit\u00e4t gute M\u00f6glichkeiten, eure seelischen Verletzungen zu heilen. Mit Unterst\u00fctzung der Therapie k\u00f6nnt ihr eure Selbstheilungskr\u00e4fte aktivieren und so etwas wie einen machtvollen \u201einneren Zauberstab\u201c entfalten.<br \/>Ein anderes hilfreiches Bild kann z.B. ein \u201eK\u00fcnstler-Pinsel\u201c sein, mit dem du deine Welt so gestalten kannst, dass du dich wieder wohlf\u00fchlst. Deiner Phantasie sind keine Grenzen gesetzt. Diese oder andere gute innere Vorstellungen sind sehr hilfreich dabei, sich besser zu f\u00fchlen und um Kraft zu finden, die Probleme und Konflikte, die dir das Leben schwer machen, zu l\u00f6sen.<\/p><p>Dabei w\u00fcrde ich dich gerne begleiten. Ich bin Expertin f\u00fcr die Heilung der Verletzungen der Seele. Ich m\u00f6chte mit dir schauen, ob bei dir eine Verletzung vorliegt.<\/p><p>Liegt eine Verletzung vor, brauche ich dich als Assistenten, denn auch du bist \u00a0ein Experte f\u00fcr deine Verletzung und deine Heilung. Wenn wir als Experten gut zusammen arbeiten, kann deine Verletzung heilen.<\/p><p>Zu zweit erschaffen wir etwas Drittes \u2013 den kreativen Bereich, in dem Neues entstehen kann.<\/p><p>Ein Kind hat es einmal so gesagt: \u201eIch kann wieder vor Freude h\u00fcpfen\u201c.<\/p>\t\t\t\t\t\t<\/div>\n\t\t\t\t<\/div>\n\t\t\t\t\t<\/div>\n\t\t<\/div>\n\t\t\t\t\t\t\t<\/div>\n\t\t<\/section>\n\t\t\t\t<section class=\"elementor-section elementor-top-section elementor-element elementor-element-96c14fe elementor-section-boxed elementor-section-height-default elementor-section-height-default\" data-id=\"96c14fe\" data-element_type=\"section\">\n\t\t\t\t\t\t<div class=\"elementor-container elementor-column-gap-default\">\n\t\t\t\t\t<div class=\"elementor-column elementor-col-100 elementor-top-column elementor-element elementor-element-16c452c\" data-id=\"16c452c\" data-element_type=\"column\">\n\t\t\t<div class=\"elementor-widget-wrap elementor-element-populated\">\n\t\t\t\t\t\t\t\t<div class=\"elementor-element elementor-element-cd4f6b3 elementor-widget-divider--view-line elementor-widget elementor-widget-divider\" data-id=\"cd4f6b3\" data-element_type=\"widget\" data-widget_type=\"divider.default\">\n\t\t\t\t<div class=\"elementor-widget-container\">\n\t\t\t\t\t<div class=\"elementor-divider\">\n\t\t\t<span class=\"elementor-divider-separator\">\n\t\t\t\t\t\t<\/span>\n\t\t<\/div>\n\t\t\t\t<\/div>\n\t\t\t\t<\/div>\n\t\t\t\t\t<\/div>\n\t\t<\/div>\n\t\t\t\t\t\t\t<\/div>\n\t\t<\/section>\n\t\t\t\t<section class=\"elementor-section elementor-top-section elementor-element elementor-element-dcaa9cd elementor-section-boxed elementor-section-height-default elementor-section-height-default\" data-id=\"dcaa9cd\" data-element_type=\"section\">\n\t\t\t\t\t\t<div class=\"elementor-container elementor-column-gap-default\">\n\t\t\t\t\t<div class=\"elementor-column elementor-col-100 elementor-top-column elementor-element elementor-element-8e88702\" data-id=\"8e88702\" data-element_type=\"column\">\n\t\t\t<div class=\"elementor-widget-wrap elementor-element-populated\">\n\t\t\t\t\t\t\t\t<div class=\"elementor-element elementor-element-28ea8ab elementor-widget elementor-widget-text-editor\" data-id=\"28ea8ab\" data-element_type=\"widget\" data-widget_type=\"text-editor.default\">\n\t\t\t\t<div class=\"elementor-widget-container\">\n\t\t\t\t\t\t\t<p>Als Psychotherapeutin habe ich Schweigepflicht. Ein anderes Wort daf\u00fcr ist Vertraulichkeit. Das bedeutet, Dinge, die du mir anvertraust, darf ich nicht weitersagen.<\/p>\n<p><\/p>\t\t\t\t\t\t<\/div>\n\t\t\t\t<\/div>\n\t\t\t\t\t<\/div>\n\t\t<\/div>\n\t\t\t\t\t\t\t<\/div>\n\t\t<\/section>\n\t\t\t\t<section class=\"elementor-section elementor-top-section elementor-element elementor-element-55564ad elementor-section-full_width elementor-section-height-default elementor-section-height-default\" data-id=\"55564ad\" data-element_type=\"section\">\n\t\t\t\t\t\t<div class=\"elementor-container elementor-column-gap-default\">\n\t\t\t\t\t<div class=\"elementor-column elementor-col-100 elementor-top-column elementor-element elementor-element-e84556a\" data-id=\"e84556a\" data-element_type=\"column\">\n\t\t\t<div class=\"elementor-widget-wrap elementor-element-populated\">\n\t\t\t\t\t\t\t\t<div class=\"elementor-element elementor-element-f76ce80 elementor-invisible elementor-widget elementor-widget-image\" data-id=\"f76ce80\" data-element_type=\"widget\" data-settings=\"{&quot;_animation&quot;:&quot;rollIn&quot;}\" data-widget_type=\"image.default\">\n\t\t\t\t<div class=\"elementor-widget-container\">\n\t\t\t\t\t\t\t\t\t\t\t\t\t\t\t<img decoding=\"async\" width=\"768\" height=\"432\" src=\"https:\/\/gudrun-dittrich.de\/wp-content\/uploads\/2019\/04\/560204-PKRC28-820-768x432.jpg\" class=\"attachment-medium_large size-medium_large wp-image-293\" alt=\"\" srcset=\"https:\/\/gudrun-dittrich.de\/wp-content\/uploads\/2019\/04\/560204-PKRC28-820-768x432.jpg 768w, https:\/\/gudrun-dittrich.de\/wp-content\/uploads\/2019\/04\/560204-PKRC28-820-300x169.jpg 300w, https:\/\/gudrun-dittrich.de\/wp-content\/uploads\/2019\/04\/560204-PKRC28-820-1024x576.jpg 1024w\" sizes=\"(max-width: 768px) 100vw, 768px\" \/>\t\t\t\t\t\t\t\t\t\t\t\t\t\t\t<\/div>\n\t\t\t\t<\/div>\n\t\t\t\t\t<\/div>\n\t\t<\/div>\n\t\t\t\t\t\t\t<\/div>\n\t\t<\/section>\n\t\t\t\t\t\t\t<\/div>\n\t\t","protected":false},"excerpt":{"rendered":"<p>F\u00fcr Kinder und Jugendliche Liebe Kinder und \u00a0Jugendliche, Der Weg, erwachsen zu werden, ist voller Hoch- und Tiefs. Das Vertrauen in sich selbst muss wachsen und wird doch auch immer wieder ersch\u00fcttert. Dies kann durch \u00e4u\u00dfere Ereignisse oder innere Selbstzweifel und Verunsicherungen entstehen. Ausl\u00f6ser daf\u00fcr k\u00f6nnen z.B. sein: Schulstress \u2013 Schwierigkeiten in Freundschaften \u2013 famili\u00e4re [&hellip;]<\/p>\n","protected":false},"author":1,"featured_media":0,"parent":0,"menu_order":0,"comment_status":"closed","ping_status":"closed","template":"","meta":{"ocean_post_layout":"","ocean_both_sidebars_style":"","ocean_both_sidebars_content_width":0,"ocean_both_sidebars_sidebars_width":0,"ocean_sidebar":"0","ocean_second_sidebar":"0","ocean_disable_margins":"enable","ocean_add_body_class":"","ocean_shortcode_before_top_bar":"","ocean_shortcode_after_top_bar":"","ocean_shortcode_before_header":"","ocean_shortcode_after_header":"","ocean_has_shortcode":"","ocean_shortcode_after_title":"","ocean_shortcode_before_footer_widgets":"","ocean_shortcode_after_footer_widgets":"","ocean_shortcode_before_footer_bottom":"","ocean_shortcode_after_footer_bottom":"","ocean_display_top_bar":"default","ocean_display_header":"default","ocean_header_style":"","ocean_center_header_left_menu":"0","ocean_custom_header_template":"0","ocean_custom_logo":202,"ocean_custom_retina_logo":0,"ocean_custom_logo_max_width":0,"ocean_custom_logo_tablet_max_width":0,"ocean_custom_logo_mobile_max_width":0,"ocean_custom_logo_max_height":0,"ocean_custom_logo_tablet_max_height":0,"ocean_custom_logo_mobile_max_height":0,"ocean_header_custom_menu":"0","ocean_menu_typo_font_family":"0","ocean_menu_typo_font_subset":"","ocean_menu_typo_font_size":0,"ocean_menu_typo_font_size_tablet":0,"ocean_menu_typo_font_size_mobile":0,"ocean_menu_typo_font_size_unit":"px","ocean_menu_typo_font_weight":"","ocean_menu_typo_font_weight_tablet":"","ocean_menu_typo_font_weight_mobile":"","ocean_menu_typo_transform":"","ocean_menu_typo_transform_tablet":"","ocean_menu_typo_transform_mobile":"","ocean_menu_typo_line_height":0,"ocean_menu_typo_line_height_tablet":0,"ocean_menu_typo_line_height_mobile":0,"ocean_menu_typo_line_height_unit":"","ocean_menu_typo_spacing":0,"ocean_menu_typo_spacing_tablet":0,"ocean_menu_typo_spacing_mobile":0,"ocean_menu_typo_spacing_unit":"","ocean_menu_link_color":"","ocean_menu_link_color_hover":"","ocean_menu_link_color_active":"","ocean_menu_link_background":"","ocean_menu_link_hover_background":"","ocean_menu_link_active_background":"","ocean_menu_social_links_bg":"","ocean_menu_social_hover_links_bg":"","ocean_menu_social_links_color":"","ocean_menu_social_hover_links_color":"","ocean_disable_title":"default","ocean_disable_heading":"default","ocean_post_title":"","ocean_post_subheading":"","ocean_post_title_style":"","ocean_post_title_background_color":"","ocean_post_title_background":0,"ocean_post_title_bg_image_position":"","ocean_post_title_bg_image_attachment":"","ocean_post_title_bg_image_repeat":"","ocean_post_title_bg_image_size":"","ocean_post_title_height":0,"ocean_post_title_bg_overlay":0.5,"ocean_post_title_bg_overlay_color":"","ocean_disable_breadcrumbs":"on","ocean_breadcrumbs_color":"#ff9800","ocean_breadcrumbs_separator_color":"#ff9800","ocean_breadcrumbs_links_color":"#e91e63","ocean_breadcrumbs_links_hover_color":"#ffc107","ocean_display_footer_widgets":"off","ocean_display_footer_bottom":"default","ocean_custom_footer_template":"0","footnotes":""},"yoast_head":"<!-- This site is optimized with the Yoast SEO plugin v21.8 - https:\/\/yoast.com\/wordpress\/plugins\/seo\/ -->\n<title>F\u00fcr Kinder | Gudrun Dittrich %<\/title>\n<meta name=\"description\" content=\"Psychotherapie f\u00fcr Kinder und Jugendliche in Darmstadt, Gudrun Dittrich, Kinder- und Jugendlichenpsychotherapeutin Tiefenpsychologie und Psychoanalyse Darmstadt, Ausbildung am Alfred Adler Institut Mainz, Gudrun Dittrich Diplom-Sozialp\u00e4dagogin, Einzel-, Paar und Familienberatung, Sexualp\u00e4dagogik f\u00fcr Jugendliche, Beratung sexuelle und\/oder k\u00f6rperliche Gewalt bei Kindern und Jugendlichen in Darmstadt.\" \/>\n<meta name=\"robots\" content=\"index, follow, max-snippet:-1, max-image-preview:large, max-video-preview:-1\" \/>\n<link rel=\"canonical\" href=\"https:\/\/gudrun-dittrich.de\/?page_id=260\" \/>\n<meta property=\"og:locale\" content=\"de_DE\" \/>\n<meta property=\"og:type\" content=\"article\" \/>\n<meta property=\"og:title\" content=\"F\u00fcr Kinder | Gudrun Dittrich %\" \/>\n<meta property=\"og:description\" content=\"Psychotherapie f\u00fcr Kinder und Jugendliche in Darmstadt, Gudrun Dittrich, Kinder- und Jugendlichenpsychotherapeutin Tiefenpsychologie und Psychoanalyse Darmstadt, Ausbildung am Alfred Adler Institut Mainz, Gudrun Dittrich Diplom-Sozialp\u00e4dagogin, Einzel-, Paar und Familienberatung, Sexualp\u00e4dagogik f\u00fcr Jugendliche, Beratung sexuelle und\/oder k\u00f6rperliche Gewalt bei Kindern und Jugendlichen in Darmstadt.\" \/>\n<meta property=\"og:url\" content=\"https:\/\/gudrun-dittrich.de\/?page_id=260\" \/>\n<meta property=\"og:site_name\" content=\"Gudrun Dittrich\" \/>\n<meta property=\"article:modified_time\" content=\"2023-12-05T22:14:53+00:00\" \/>\n<meta property=\"og:image\" content=\"https:\/\/gudrun-dittrich.de\/wp-content\/uploads\/2019\/04\/OBFD7G0_900x150.jpg\" \/>\n<meta name=\"twitter:card\" content=\"summary_large_image\" \/>\n<meta name=\"twitter:label1\" content=\"Gesch\u00e4tzte Lesezeit\" \/>\n\t<meta name=\"twitter:data1\" content=\"2\u00a0Minuten\" \/>\n<script type=\"application\/ld+json\" class=\"yoast-schema-graph\">{\"@context\":\"https:\/\/schema.org\",\"@graph\":[{\"@type\":\"WebPage\",\"@id\":\"https:\/\/gudrun-dittrich.de\/?page_id=260\",\"url\":\"https:\/\/gudrun-dittrich.de\/?page_id=260\",\"name\":\"F\u00fcr Kinder | Gudrun Dittrich %\",\"isPartOf\":{\"@id\":\"https:\/\/gudrun-dittrich.de\/#website\"},\"datePublished\":\"2019-04-15T12:25:36+00:00\",\"dateModified\":\"2023-12-05T22:14:53+00:00\",\"description\":\"Psychotherapie f\u00fcr Kinder und Jugendliche in Darmstadt, Gudrun Dittrich, Kinder- und Jugendlichenpsychotherapeutin Tiefenpsychologie und Psychoanalyse Darmstadt, Ausbildung am Alfred Adler Institut Mainz, Gudrun Dittrich Diplom-Sozialp\u00e4dagogin, Einzel-, Paar und Familienberatung, Sexualp\u00e4dagogik f\u00fcr Jugendliche, Beratung sexuelle und\/oder k\u00f6rperliche Gewalt bei Kindern und Jugendlichen in Darmstadt.\",\"breadcrumb\":{\"@id\":\"https:\/\/gudrun-dittrich.de\/?page_id=260#breadcrumb\"},\"inLanguage\":\"de\",\"potentialAction\":[{\"@type\":\"ReadAction\",\"target\":[\"https:\/\/gudrun-dittrich.de\/?page_id=260\"]}]},{\"@type\":\"BreadcrumbList\",\"@id\":\"https:\/\/gudrun-dittrich.de\/?page_id=260#breadcrumb\",\"itemListElement\":[{\"@type\":\"ListItem\",\"position\":1,\"name\":\"Startseite\",\"item\":\"https:\/\/gudrun-dittrich.de\/\"},{\"@type\":\"ListItem\",\"position\":2,\"name\":\"F\u00fcr Kinder\"}]},{\"@type\":\"WebSite\",\"@id\":\"https:\/\/gudrun-dittrich.de\/#website\",\"url\":\"https:\/\/gudrun-dittrich.de\/\",\"name\":\"Gudrun Dittrich\",\"description\":\"Gudrun Dittrich \u2013 Psychotherapie f\u00fcr Kinder und Jugendliche\",\"publisher\":{\"@id\":\"https:\/\/gudrun-dittrich.de\/#organization\"},\"potentialAction\":[{\"@type\":\"SearchAction\",\"target\":{\"@type\":\"EntryPoint\",\"urlTemplate\":\"https:\/\/gudrun-dittrich.de\/?s={search_term_string}\"},\"query-input\":\"required name=search_term_string\"}],\"inLanguage\":\"de\"},{\"@type\":\"Organization\",\"@id\":\"https:\/\/gudrun-dittrich.de\/#organization\",\"name\":\"Gudrun Dittrich - Psychotherapie f\u00fcr Kinder und Jugendliche\",\"url\":\"https:\/\/gudrun-dittrich.de\/\",\"logo\":{\"@type\":\"ImageObject\",\"inLanguage\":\"de\",\"@id\":\"https:\/\/gudrun-dittrich.de\/#\/schema\/logo\/image\/\",\"url\":\"https:\/\/gudrun-dittrich.de\/wp-content\/uploads\/2019\/04\/Gudrun_Dittrich_fav_512.jpg\",\"contentUrl\":\"https:\/\/gudrun-dittrich.de\/wp-content\/uploads\/2019\/04\/Gudrun_Dittrich_fav_512.jpg\",\"width\":512,\"height\":512,\"caption\":\"Gudrun Dittrich - Psychotherapie f\u00fcr Kinder und Jugendliche\"},\"image\":{\"@id\":\"https:\/\/gudrun-dittrich.de\/#\/schema\/logo\/image\/\"}}]}<\/script>\n<!-- \/ Yoast SEO plugin. -->","yoast_head_json":{"title":"F\u00fcr Kinder | Gudrun Dittrich %","description":"Psychotherapie f\u00fcr Kinder und Jugendliche in Darmstadt, Gudrun Dittrich, Kinder- und Jugendlichenpsychotherapeutin Tiefenpsychologie und Psychoanalyse Darmstadt, Ausbildung am Alfred Adler Institut Mainz, Gudrun Dittrich Diplom-Sozialp\u00e4dagogin, Einzel-, Paar und Familienberatung, Sexualp\u00e4dagogik f\u00fcr Jugendliche, Beratung sexuelle und\/oder k\u00f6rperliche Gewalt bei Kindern und Jugendlichen in Darmstadt.","robots":{"index":"index","follow":"follow","max-snippet":"max-snippet:-1","max-image-preview":"max-image-preview:large","max-video-preview":"max-video-preview:-1"},"canonical":"https:\/\/gudrun-dittrich.de\/?page_id=260","og_locale":"de_DE","og_type":"article","og_title":"F\u00fcr Kinder | Gudrun Dittrich %","og_description":"Psychotherapie f\u00fcr Kinder und Jugendliche in Darmstadt, Gudrun Dittrich, Kinder- und Jugendlichenpsychotherapeutin Tiefenpsychologie und Psychoanalyse Darmstadt, Ausbildung am Alfred Adler Institut Mainz, Gudrun Dittrich Diplom-Sozialp\u00e4dagogin, Einzel-, Paar und Familienberatung, Sexualp\u00e4dagogik f\u00fcr Jugendliche, Beratung sexuelle und\/oder k\u00f6rperliche Gewalt bei Kindern und Jugendlichen in Darmstadt.","og_url":"https:\/\/gudrun-dittrich.de\/?page_id=260","og_site_name":"Gudrun Dittrich","article_modified_time":"2023-12-05T22:14:53+00:00","og_image":[{"url":"https:\/\/gudrun-dittrich.de\/wp-content\/uploads\/2019\/04\/OBFD7G0_900x150.jpg"}],"twitter_card":"summary_large_image","twitter_misc":{"Gesch\u00e4tzte Lesezeit":"2\u00a0Minuten"},"schema":{"@context":"https:\/\/schema.org","@graph":[{"@type":"WebPage","@id":"https:\/\/gudrun-dittrich.de\/?page_id=260","url":"https:\/\/gudrun-dittrich.de\/?page_id=260","name":"F\u00fcr Kinder | Gudrun Dittrich %","isPartOf":{"@id":"https:\/\/gudrun-dittrich.de\/#website"},"datePublished":"2019-04-15T12:25:36+00:00","dateModified":"2023-12-05T22:14:53+00:00","description":"Psychotherapie f\u00fcr Kinder und Jugendliche in Darmstadt, Gudrun Dittrich, Kinder- und Jugendlichenpsychotherapeutin Tiefenpsychologie und Psychoanalyse Darmstadt, Ausbildung am Alfred Adler Institut Mainz, Gudrun Dittrich Diplom-Sozialp\u00e4dagogin, Einzel-, Paar und Familienberatung, Sexualp\u00e4dagogik f\u00fcr Jugendliche, Beratung sexuelle und\/oder k\u00f6rperliche Gewalt bei Kindern und Jugendlichen in Darmstadt.","breadcrumb":{"@id":"https:\/\/gudrun-dittrich.de\/?page_id=260#breadcrumb"},"inLanguage":"de","potentialAction":[{"@type":"ReadAction","target":["https:\/\/gudrun-dittrich.de\/?page_id=260"]}]},{"@type":"BreadcrumbList","@id":"https:\/\/gudrun-dittrich.de\/?page_id=260#breadcrumb","itemListElement":[{"@type":"ListItem","position":1,"name":"Startseite","item":"https:\/\/gudrun-dittrich.de\/"},{"@type":"ListItem","position":2,"name":"F\u00fcr Kinder"}]},{"@type":"WebSite","@id":"https:\/\/gudrun-dittrich.de\/#website","url":"https:\/\/gudrun-dittrich.de\/","name":"Gudrun Dittrich","description":"Gudrun Dittrich \u2013 Psychotherapie f\u00fcr Kinder und Jugendliche","publisher":{"@id":"https:\/\/gudrun-dittrich.de\/#organization"},"potentialAction":[{"@type":"SearchAction","target":{"@type":"EntryPoint","urlTemplate":"https:\/\/gudrun-dittrich.de\/?s={search_term_string}"},"query-input":"required name=search_term_string"}],"inLanguage":"de"},{"@type":"Organization","@id":"https:\/\/gudrun-dittrich.de\/#organization","name":"Gudrun Dittrich - Psychotherapie f\u00fcr Kinder und Jugendliche","url":"https:\/\/gudrun-dittrich.de\/","logo":{"@type":"ImageObject","inLanguage":"de","@id":"https:\/\/gudrun-dittrich.de\/#\/schema\/logo\/image\/","url":"https:\/\/gudrun-dittrich.de\/wp-content\/uploads\/2019\/04\/Gudrun_Dittrich_fav_512.jpg","contentUrl":"https:\/\/gudrun-dittrich.de\/wp-content\/uploads\/2019\/04\/Gudrun_Dittrich_fav_512.jpg","width":512,"height":512,"caption":"Gudrun Dittrich - Psychotherapie f\u00fcr Kinder und Jugendliche"},"image":{"@id":"https:\/\/gudrun-dittrich.de\/#\/schema\/logo\/image\/"}}]}},"_links":{"self":[{"href":"https:\/\/gudrun-dittrich.de\/index.php?rest_route=\/wp\/v2\/pages\/260"}],"collection":[{"href":"https:\/\/gudrun-dittrich.de\/index.php?rest_route=\/wp\/v2\/pages"}],"about":[{"href":"https:\/\/gudrun-dittrich.de\/index.php?rest_route=\/wp\/v2\/types\/page"}],"author":[{"embeddable":true,"href":"https:\/\/gudrun-dittrich.de\/index.php?rest_route=\/wp\/v2\/users\/1"}],"replies":[{"embeddable":true,"href":"https:\/\/gudrun-dittrich.de\/index.php?rest_route=%2Fwp%2Fv2%2Fcomments&post=260"}],"version-history":[{"count":12,"href":"https:\/\/gudrun-dittrich.de\/index.php?rest_route=\/wp\/v2\/pages\/260\/revisions"}],"predecessor-version":[{"id":452,"href":"https:\/\/gudrun-dittrich.de\/index.php?rest_route=\/wp\/v2\/pages\/260\/revisions\/452"}],"wp:attachment":[{"href":"https:\/\/gudrun-dittrich.de\/index.php?rest_route=%2Fwp%2Fv2%2Fmedia&parent=260"}],"curies":[{"name":"wp","href":"https:\/\/api.w.org\/{rel}","templated":true}]}}