{"id":256,"date":"2019-04-15T12:24:38","date_gmt":"2019-04-15T12:24:38","guid":{"rendered":"http:\/\/kinderpsychotherapie.gudrun-dittrich.de\/?page_id=256"},"modified":"2020-12-12T00:28:38","modified_gmt":"2020-12-11T22:28:38","slug":"ueber-mich","status":"publish","type":"page","link":"https:\/\/gudrun-dittrich.de\/?page_id=256","title":{"rendered":"\u00dcber mich"},"content":{"rendered":"\t\t<div data-elementor-type=\"wp-post\" data-elementor-id=\"256\" class=\"elementor elementor-256\">\n\t\t\t\t\t\t\t\t\t<div class=\"elementor-section elementor-top-section elementor-element elementor-element-7eda0a5 elementor-section-content-top elementor-section-boxed elementor-section-height-default elementor-section-height-default\" data-id=\"7eda0a5\" data-element_type=\"section\">\n\t\t\t\t\t\t<div class=\"elementor-container elementor-column-gap-default\">\n\t\t\t\t\t<div class=\"elementor-column elementor-col-100 elementor-top-column elementor-element elementor-element-1d0b81f\" data-id=\"1d0b81f\" data-element_type=\"column\">\n\t\t\t<div class=\"elementor-widget-wrap elementor-element-populated\">\n\t\t\t\t\t\t\t\t<div class=\"elementor-element elementor-element-760cbcb animated-slow elementor-invisible elementor-widget elementor-widget-image\" data-id=\"760cbcb\" data-element_type=\"widget\" data-settings=\"{&quot;_animation&quot;:&quot;fadeInUp&quot;}\" data-widget_type=\"image.default\">\n\t\t\t\t<div class=\"elementor-widget-container\">\n\t\t\t\t\t\t\t\t\t\t\t\t\t\t\t<img fetchpriority=\"high\" decoding=\"async\" width=\"900\" height=\"150\" src=\"https:\/\/gudrun-dittrich.de\/wp-content\/uploads\/2019\/04\/Bild-021_900.jpg\" class=\"attachment-full size-full wp-image-327\" alt=\"\" srcset=\"https:\/\/gudrun-dittrich.de\/wp-content\/uploads\/2019\/04\/Bild-021_900.jpg 900w, https:\/\/gudrun-dittrich.de\/wp-content\/uploads\/2019\/04\/Bild-021_900-300x50.jpg 300w, https:\/\/gudrun-dittrich.de\/wp-content\/uploads\/2019\/04\/Bild-021_900-768x128.jpg 768w\" sizes=\"(max-width: 900px) 100vw, 900px\" \/>\t\t\t\t\t\t\t\t\t\t\t\t\t\t\t<\/div>\n\t\t\t\t<\/div>\n\t\t\t\t\t<\/div>\n\t\t<\/div>\n\t\t\t\t\t\t\t<\/div>\n\t\t<\/div>\n\t\t\t\t<section class=\"elementor-section elementor-top-section elementor-element elementor-element-2206786 elementor-section-boxed elementor-section-height-default elementor-section-height-default\" data-id=\"2206786\" data-element_type=\"section\">\n\t\t\t\t\t\t<div class=\"elementor-container elementor-column-gap-default\">\n\t\t\t\t\t<div class=\"elementor-column elementor-col-100 elementor-top-column elementor-element elementor-element-9156f3d\" data-id=\"9156f3d\" data-element_type=\"column\">\n\t\t\t<div class=\"elementor-widget-wrap elementor-element-populated\">\n\t\t\t\t\t\t\t\t<div class=\"elementor-element elementor-element-228ed16 elementor-widget elementor-widget-spacer\" data-id=\"228ed16\" data-element_type=\"widget\" data-widget_type=\"spacer.default\">\n\t\t\t\t<div class=\"elementor-widget-container\">\n\t\t\t\t\t<div class=\"elementor-spacer\">\n\t\t\t<div class=\"elementor-spacer-inner\"><\/div>\n\t\t<\/div>\n\t\t\t\t<\/div>\n\t\t\t\t<\/div>\n\t\t\t\t\t<\/div>\n\t\t<\/div>\n\t\t\t\t\t\t\t<\/div>\n\t\t<\/section>\n\t\t\t\t<section class=\"elementor-section elementor-top-section elementor-element elementor-element-ba78c2e elementor-section-full_width elementor-section-height-default elementor-section-height-default\" data-id=\"ba78c2e\" data-element_type=\"section\">\n\t\t\t\t\t\t<div class=\"elementor-container elementor-column-gap-default\">\n\t\t\t\t\t<div class=\"elementor-column elementor-col-100 elementor-top-column elementor-element elementor-element-02b46c4\" data-id=\"02b46c4\" data-element_type=\"column\">\n\t\t\t<div class=\"elementor-widget-wrap elementor-element-populated\">\n\t\t\t\t\t\t\t\t<div class=\"elementor-element elementor-element-d8b225f elementor-widget elementor-widget-heading\" data-id=\"d8b225f\" data-element_type=\"widget\" data-widget_type=\"heading.default\">\n\t\t\t\t<div class=\"elementor-widget-container\">\n\t\t\t<h2 class=\"elementor-heading-title elementor-size-default\">\u00dcber mich<\/h2>\t\t<\/div>\n\t\t\t\t<\/div>\n\t\t\t\t\t<\/div>\n\t\t<\/div>\n\t\t\t\t\t\t\t<\/div>\n\t\t<\/section>\n\t\t\t\t<section class=\"elementor-section elementor-top-section elementor-element elementor-element-d055120 elementor-section-boxed elementor-section-height-default elementor-section-height-default\" data-id=\"d055120\" data-element_type=\"section\">\n\t\t\t\t\t\t<div class=\"elementor-container elementor-column-gap-default\">\n\t\t\t\t\t<div class=\"elementor-column elementor-col-100 elementor-top-column elementor-element elementor-element-d4fe1e1\" data-id=\"d4fe1e1\" data-element_type=\"column\">\n\t\t\t<div class=\"elementor-widget-wrap elementor-element-populated\">\n\t\t\t\t\t\t\t\t<div class=\"elementor-element elementor-element-fa8b56f elementor-widget elementor-widget-spacer\" data-id=\"fa8b56f\" data-element_type=\"widget\" data-widget_type=\"spacer.default\">\n\t\t\t\t<div class=\"elementor-widget-container\">\n\t\t\t\t\t<div class=\"elementor-spacer\">\n\t\t\t<div class=\"elementor-spacer-inner\"><\/div>\n\t\t<\/div>\n\t\t\t\t<\/div>\n\t\t\t\t<\/div>\n\t\t\t\t\t<\/div>\n\t\t<\/div>\n\t\t\t\t\t\t\t<\/div>\n\t\t<\/section>\n\t\t\t\t<section class=\"elementor-section elementor-top-section elementor-element elementor-element-a1271d6 elementor-section-boxed elementor-section-height-default elementor-section-height-default\" data-id=\"a1271d6\" data-element_type=\"section\">\n\t\t\t\t\t\t<div class=\"elementor-container elementor-column-gap-default\">\n\t\t\t\t\t<div class=\"elementor-column elementor-col-100 elementor-top-column elementor-element elementor-element-a16f514\" data-id=\"a16f514\" data-element_type=\"column\">\n\t\t\t<div class=\"elementor-widget-wrap elementor-element-populated\">\n\t\t\t\t\t\t\t\t<div class=\"elementor-element elementor-element-92ef8fe elementor-widget elementor-widget-image\" data-id=\"92ef8fe\" data-element_type=\"widget\" data-widget_type=\"image.default\">\n\t\t\t\t<div class=\"elementor-widget-container\">\n\t\t\t\t\t\t\t\t\t\t\t\t\t\t\t<img decoding=\"async\" width=\"218\" height=\"300\" src=\"https:\/\/gudrun-dittrich.de\/wp-content\/uploads\/2019\/04\/Portrait_Gudrund_Dittrich-218x300.jpg\" class=\"attachment-medium size-medium wp-image-288\" alt=\"\" srcset=\"https:\/\/gudrun-dittrich.de\/wp-content\/uploads\/2019\/04\/Portrait_Gudrund_Dittrich-218x300.jpg 218w, https:\/\/gudrun-dittrich.de\/wp-content\/uploads\/2019\/04\/Portrait_Gudrund_Dittrich-768x1059.jpg 768w, https:\/\/gudrun-dittrich.de\/wp-content\/uploads\/2019\/04\/Portrait_Gudrund_Dittrich-743x1024.jpg 743w\" sizes=\"(max-width: 218px) 100vw, 218px\" \/>\t\t\t\t\t\t\t\t\t\t\t\t\t\t\t<\/div>\n\t\t\t\t<\/div>\n\t\t\t\t\t<\/div>\n\t\t<\/div>\n\t\t\t\t\t\t\t<\/div>\n\t\t<\/section>\n\t\t\t\t<section class=\"elementor-section elementor-top-section elementor-element elementor-element-b940a3a elementor-section-boxed elementor-section-height-default elementor-section-height-default\" data-id=\"b940a3a\" data-element_type=\"section\">\n\t\t\t\t\t\t<div class=\"elementor-container elementor-column-gap-default\">\n\t\t\t\t\t<div class=\"elementor-column elementor-col-100 elementor-top-column elementor-element elementor-element-2b37cfc\" data-id=\"2b37cfc\" data-element_type=\"column\">\n\t\t\t<div class=\"elementor-widget-wrap elementor-element-populated\">\n\t\t\t\t\t\t\t\t<div class=\"elementor-element elementor-element-1ee0a2d elementor-widget elementor-widget-spacer\" data-id=\"1ee0a2d\" data-element_type=\"widget\" data-widget_type=\"spacer.default\">\n\t\t\t\t<div class=\"elementor-widget-container\">\n\t\t\t\t\t<div class=\"elementor-spacer\">\n\t\t\t<div class=\"elementor-spacer-inner\"><\/div>\n\t\t<\/div>\n\t\t\t\t<\/div>\n\t\t\t\t<\/div>\n\t\t\t\t\t<\/div>\n\t\t<\/div>\n\t\t\t\t\t\t\t<\/div>\n\t\t<\/section>\n\t\t\t\t<section class=\"elementor-section elementor-top-section elementor-element elementor-element-b8d9bdd elementor-section-boxed elementor-section-height-default elementor-section-height-default\" data-id=\"b8d9bdd\" data-element_type=\"section\">\n\t\t\t\t\t\t<div class=\"elementor-container elementor-column-gap-default\">\n\t\t\t\t\t<div class=\"elementor-column elementor-col-100 elementor-top-column elementor-element elementor-element-bc20827\" data-id=\"bc20827\" data-element_type=\"column\">\n\t\t\t<div class=\"elementor-widget-wrap elementor-element-populated\">\n\t\t\t\t\t\t\t\t<div class=\"elementor-element elementor-element-9c7fc7f elementor-widget elementor-widget-text-editor\" data-id=\"9c7fc7f\" data-element_type=\"widget\" data-widget_type=\"text-editor.default\">\n\t\t\t\t<div class=\"elementor-widget-container\">\n\t\t\t\t\t\t\t<p><strong>Mein beruflicher Hintergrund<br><\/strong><\/p>\n<ul>\n<li><strong>Diplom-Sozialp\u00e4dagogin<\/strong><\/li>\n<\/ul>\n<ul>\n<li><strong>Mitarbeiterin bei Pro Familia Darmstadt<\/strong><br>\u2022 &nbsp;Einzel-, Paar- und Familienberatung<br>\u2022 &nbsp;Sexualp\u00e4dagogik f\u00fcr Jugendliche<br>\u2022 &nbsp;Beratung zu sexualisierter Gewalt<br>\u2022 &nbsp;Begleitung und Beratung betroffener Frauen<br>\u2022 &nbsp;Fachberatung zum Thema sexueller Missbrauch<br>\u2022 &nbsp;Mitarbeit an dem Kinderbuch der Pro Familia<br>\u2022 &nbsp;\u201eMein K\u00f6rper geh\u00f6rt mir\u201c.<\/li>\n<\/ul>\n<ul>\n<li><strong>Lehrauftr\u00e4ge an der evangelischen Fachhochschule Darmstadt<\/strong><br>zu Sexualp\u00e4dagogik, sexueller Missbrauch und Supervision<\/li>\n<\/ul>\n<ul>\n<li><strong>Mitarbeiterin im Gemeindepsychiatrischem Zentrum Darmstadt<br>des Caritasverbandes Darmstadt<br><\/strong>Beratung und Begleitung von psychisch kranken Menschen<br>Beratung von Angeh\u00f6rigen<\/li>\n<\/ul>\n<ul>\n<li><strong>Psychodynamisch Imaginative Traumatherapie (PITT)<\/strong><\/li>\n<\/ul>\n<ul>\n<li><strong>Kinder- und Jugendlichenpsychotherapeutin<br>Tiefenpsychologie und Psychoanalyse<br><\/strong><br>Ausbildung am Alfred Adler Institut Mainz<\/li>\n<\/ul>\t\t\t\t\t\t<\/div>\n\t\t\t\t<\/div>\n\t\t\t\t\t<\/div>\n\t\t<\/div>\n\t\t\t\t\t\t\t<\/div>\n\t\t<\/section>\n\t\t\t\t<section class=\"elementor-section elementor-top-section elementor-element elementor-element-9816f5e elementor-section-boxed elementor-section-height-default elementor-section-height-default\" data-id=\"9816f5e\" data-element_type=\"section\">\n\t\t\t\t\t\t<div class=\"elementor-container elementor-column-gap-default\">\n\t\t\t\t\t<div class=\"elementor-column elementor-col-100 elementor-top-column elementor-element elementor-element-279b2ea\" data-id=\"279b2ea\" data-element_type=\"column\">\n\t\t\t<div class=\"elementor-widget-wrap elementor-element-populated\">\n\t\t\t\t\t\t\t\t<div class=\"elementor-element elementor-element-883fe31 elementor-widget elementor-widget-spacer\" data-id=\"883fe31\" data-element_type=\"widget\" data-widget_type=\"spacer.default\">\n\t\t\t\t<div class=\"elementor-widget-container\">\n\t\t\t\t\t<div class=\"elementor-spacer\">\n\t\t\t<div class=\"elementor-spacer-inner\"><\/div>\n\t\t<\/div>\n\t\t\t\t<\/div>\n\t\t\t\t<\/div>\n\t\t\t\t\t<\/div>\n\t\t<\/div>\n\t\t\t\t\t\t\t<\/div>\n\t\t<\/section>\n\t\t\t\t\t\t\t<\/div>\n\t\t","protected":false},"excerpt":{"rendered":"<p>\u00dcber mich Mein beruflicher Hintergrund Diplom-Sozialp\u00e4dagogin Mitarbeiterin bei Pro Familia Darmstadt\u2022 &nbsp;Einzel-, Paar- und Familienberatung\u2022 &nbsp;Sexualp\u00e4dagogik f\u00fcr Jugendliche\u2022 &nbsp;Beratung zu sexualisierter Gewalt\u2022 &nbsp;Begleitung und Beratung betroffener Frauen\u2022 &nbsp;Fachberatung zum Thema sexueller Missbrauch\u2022 &nbsp;Mitarbeit an dem Kinderbuch der Pro Familia\u2022 &nbsp;\u201eMein K\u00f6rper geh\u00f6rt mir\u201c. Lehrauftr\u00e4ge an der evangelischen Fachhochschule Darmstadtzu Sexualp\u00e4dagogik, sexueller Missbrauch und Supervision Mitarbeiterin [&hellip;]<\/p>\n","protected":false},"author":1,"featured_media":0,"parent":0,"menu_order":0,"comment_status":"closed","ping_status":"closed","template":"","meta":{"ocean_post_layout":"","ocean_both_sidebars_style":"","ocean_both_sidebars_content_width":0,"ocean_both_sidebars_sidebars_width":0,"ocean_sidebar":"0","ocean_second_sidebar":"0","ocean_disable_margins":"enable","ocean_add_body_class":"","ocean_shortcode_before_top_bar":"","ocean_shortcode_after_top_bar":"","ocean_shortcode_before_header":"","ocean_shortcode_after_header":"","ocean_has_shortcode":"","ocean_shortcode_after_title":"","ocean_shortcode_before_footer_widgets":"","ocean_shortcode_after_footer_widgets":"","ocean_shortcode_before_footer_bottom":"","ocean_shortcode_after_footer_bottom":"","ocean_display_top_bar":"default","ocean_display_header":"default","ocean_header_style":"","ocean_center_header_left_menu":"0","ocean_custom_header_template":"0","ocean_custom_logo":202,"ocean_custom_retina_logo":0,"ocean_custom_logo_max_width":0,"ocean_custom_logo_tablet_max_width":0,"ocean_custom_logo_mobile_max_width":0,"ocean_custom_logo_max_height":0,"ocean_custom_logo_tablet_max_height":0,"ocean_custom_logo_mobile_max_height":0,"ocean_header_custom_menu":"0","ocean_menu_typo_font_family":"0","ocean_menu_typo_font_subset":"","ocean_menu_typo_font_size":0,"ocean_menu_typo_font_size_tablet":0,"ocean_menu_typo_font_size_mobile":0,"ocean_menu_typo_font_size_unit":"px","ocean_menu_typo_font_weight":"","ocean_menu_typo_font_weight_tablet":"","ocean_menu_typo_font_weight_mobile":"","ocean_menu_typo_transform":"","ocean_menu_typo_transform_tablet":"","ocean_menu_typo_transform_mobile":"","ocean_menu_typo_line_height":0,"ocean_menu_typo_line_height_tablet":0,"ocean_menu_typo_line_height_mobile":0,"ocean_menu_typo_line_height_unit":"","ocean_menu_typo_spacing":0,"ocean_menu_typo_spacing_tablet":0,"ocean_menu_typo_spacing_mobile":0,"ocean_menu_typo_spacing_unit":"","ocean_menu_link_color":"","ocean_menu_link_color_hover":"","ocean_menu_link_color_active":"","ocean_menu_link_background":"","ocean_menu_link_hover_background":"","ocean_menu_link_active_background":"","ocean_menu_social_links_bg":"","ocean_menu_social_hover_links_bg":"","ocean_menu_social_links_color":"","ocean_menu_social_hover_links_color":"","ocean_disable_title":"default","ocean_disable_heading":"default","ocean_post_title":"","ocean_post_subheading":"","ocean_post_title_style":"","ocean_post_title_background_color":"","ocean_post_title_background":0,"ocean_post_title_bg_image_position":"","ocean_post_title_bg_image_attachment":"","ocean_post_title_bg_image_repeat":"","ocean_post_title_bg_image_size":"","ocean_post_title_height":0,"ocean_post_title_bg_overlay":0.5,"ocean_post_title_bg_overlay_color":"","ocean_disable_breadcrumbs":"on","ocean_breadcrumbs_color":"#ff9800","ocean_breadcrumbs_separator_color":"#ff9800","ocean_breadcrumbs_links_color":"#e91e63","ocean_breadcrumbs_links_hover_color":"#ffc107","ocean_display_footer_widgets":"off","ocean_display_footer_bottom":"default","ocean_custom_footer_template":"0","footnotes":""},"yoast_head":"<!-- This site is optimized with the Yoast SEO plugin v21.8 - https:\/\/yoast.com\/wordpress\/plugins\/seo\/ -->\n<title>\u00dcber mich | Gudrun Dittrich %<\/title>\n<meta name=\"description\" content=\"Psychotherapie f\u00fcr Kinder und Jugendliche in Darmstadt, Gudrun Dittrich, Kinder- und Jugendlichenpsychotherapeutin Tiefenpsychologie und Psychoanalyse Darmstadt, Ausbildung am Alfred Adler Institut Mainz, Gudrun Dittrich Diplom-Sozialp\u00e4dagogin, Einzel-, Paar und Familienberatung, Sexualp\u00e4dagogik f\u00fcr Jugendliche, Beratung sexuelle und\/oder k\u00f6rperliche Gewalt bei Kindern und Jugendlichen in Darmstadt.\" \/>\n<meta name=\"robots\" content=\"index, follow, max-snippet:-1, max-image-preview:large, max-video-preview:-1\" \/>\n<link rel=\"canonical\" href=\"https:\/\/gudrun-dittrich.de\/?page_id=256\" \/>\n<meta property=\"og:locale\" content=\"de_DE\" \/>\n<meta property=\"og:type\" content=\"article\" \/>\n<meta property=\"og:title\" content=\"\u00dcber mich | Gudrun Dittrich %\" \/>\n<meta property=\"og:description\" content=\"Psychotherapie f\u00fcr Kinder und Jugendliche in Darmstadt, Gudrun Dittrich, Kinder- und Jugendlichenpsychotherapeutin Tiefenpsychologie und Psychoanalyse Darmstadt, Ausbildung am Alfred Adler Institut Mainz, Gudrun Dittrich Diplom-Sozialp\u00e4dagogin, Einzel-, Paar und Familienberatung, Sexualp\u00e4dagogik f\u00fcr Jugendliche, Beratung sexuelle und\/oder k\u00f6rperliche Gewalt bei Kindern und Jugendlichen in Darmstadt.\" \/>\n<meta property=\"og:url\" content=\"https:\/\/gudrun-dittrich.de\/?page_id=256\" \/>\n<meta property=\"og:site_name\" content=\"Gudrun Dittrich\" \/>\n<meta property=\"article:modified_time\" content=\"2020-12-11T22:28:38+00:00\" \/>\n<meta property=\"og:image\" content=\"https:\/\/gudrun-dittrich.de\/wp-content\/uploads\/2019\/04\/Bild-021_900.jpg\" \/>\n<meta name=\"twitter:card\" content=\"summary_large_image\" \/>\n<script type=\"application\/ld+json\" class=\"yoast-schema-graph\">{\"@context\":\"https:\/\/schema.org\",\"@graph\":[{\"@type\":\"WebPage\",\"@id\":\"https:\/\/gudrun-dittrich.de\/?page_id=256\",\"url\":\"https:\/\/gudrun-dittrich.de\/?page_id=256\",\"name\":\"\u00dcber mich | Gudrun Dittrich %\",\"isPartOf\":{\"@id\":\"https:\/\/gudrun-dittrich.de\/#website\"},\"datePublished\":\"2019-04-15T12:24:38+00:00\",\"dateModified\":\"2020-12-11T22:28:38+00:00\",\"description\":\"Psychotherapie f\u00fcr Kinder und Jugendliche in Darmstadt, Gudrun Dittrich, Kinder- und Jugendlichenpsychotherapeutin Tiefenpsychologie und Psychoanalyse Darmstadt, Ausbildung am Alfred Adler Institut Mainz, Gudrun Dittrich Diplom-Sozialp\u00e4dagogin, Einzel-, Paar und Familienberatung, Sexualp\u00e4dagogik f\u00fcr Jugendliche, Beratung sexuelle und\/oder k\u00f6rperliche Gewalt bei Kindern und Jugendlichen in Darmstadt.\",\"breadcrumb\":{\"@id\":\"https:\/\/gudrun-dittrich.de\/?page_id=256#breadcrumb\"},\"inLanguage\":\"de\",\"potentialAction\":[{\"@type\":\"ReadAction\",\"target\":[\"https:\/\/gudrun-dittrich.de\/?page_id=256\"]}]},{\"@type\":\"BreadcrumbList\",\"@id\":\"https:\/\/gudrun-dittrich.de\/?page_id=256#breadcrumb\",\"itemListElement\":[{\"@type\":\"ListItem\",\"position\":1,\"name\":\"Startseite\",\"item\":\"https:\/\/gudrun-dittrich.de\/\"},{\"@type\":\"ListItem\",\"position\":2,\"name\":\"\u00dcber mich\"}]},{\"@type\":\"WebSite\",\"@id\":\"https:\/\/gudrun-dittrich.de\/#website\",\"url\":\"https:\/\/gudrun-dittrich.de\/\",\"name\":\"Gudrun Dittrich\",\"description\":\"Gudrun Dittrich \u2013 Psychotherapie f\u00fcr Kinder und Jugendliche\",\"publisher\":{\"@id\":\"https:\/\/gudrun-dittrich.de\/#organization\"},\"potentialAction\":[{\"@type\":\"SearchAction\",\"target\":{\"@type\":\"EntryPoint\",\"urlTemplate\":\"https:\/\/gudrun-dittrich.de\/?s={search_term_string}\"},\"query-input\":\"required name=search_term_string\"}],\"inLanguage\":\"de\"},{\"@type\":\"Organization\",\"@id\":\"https:\/\/gudrun-dittrich.de\/#organization\",\"name\":\"Gudrun Dittrich - Psychotherapie f\u00fcr Kinder und Jugendliche\",\"url\":\"https:\/\/gudrun-dittrich.de\/\",\"logo\":{\"@type\":\"ImageObject\",\"inLanguage\":\"de\",\"@id\":\"https:\/\/gudrun-dittrich.de\/#\/schema\/logo\/image\/\",\"url\":\"https:\/\/gudrun-dittrich.de\/wp-content\/uploads\/2019\/04\/Gudrun_Dittrich_fav_512.jpg\",\"contentUrl\":\"https:\/\/gudrun-dittrich.de\/wp-content\/uploads\/2019\/04\/Gudrun_Dittrich_fav_512.jpg\",\"width\":512,\"height\":512,\"caption\":\"Gudrun Dittrich - Psychotherapie f\u00fcr Kinder und Jugendliche\"},\"image\":{\"@id\":\"https:\/\/gudrun-dittrich.de\/#\/schema\/logo\/image\/\"}}]}<\/script>\n<!-- \/ Yoast SEO plugin. -->","yoast_head_json":{"title":"\u00dcber mich | Gudrun Dittrich %","description":"Psychotherapie f\u00fcr Kinder und Jugendliche in Darmstadt, Gudrun Dittrich, Kinder- und Jugendlichenpsychotherapeutin Tiefenpsychologie und Psychoanalyse Darmstadt, Ausbildung am Alfred Adler Institut Mainz, Gudrun Dittrich Diplom-Sozialp\u00e4dagogin, Einzel-, Paar und Familienberatung, Sexualp\u00e4dagogik f\u00fcr Jugendliche, Beratung sexuelle und\/oder k\u00f6rperliche Gewalt bei Kindern und Jugendlichen in Darmstadt.","robots":{"index":"index","follow":"follow","max-snippet":"max-snippet:-1","max-image-preview":"max-image-preview:large","max-video-preview":"max-video-preview:-1"},"canonical":"https:\/\/gudrun-dittrich.de\/?page_id=256","og_locale":"de_DE","og_type":"article","og_title":"\u00dcber mich | Gudrun Dittrich %","og_description":"Psychotherapie f\u00fcr Kinder und Jugendliche in Darmstadt, Gudrun Dittrich, Kinder- und Jugendlichenpsychotherapeutin Tiefenpsychologie und Psychoanalyse Darmstadt, Ausbildung am Alfred Adler Institut Mainz, Gudrun Dittrich Diplom-Sozialp\u00e4dagogin, Einzel-, Paar und Familienberatung, Sexualp\u00e4dagogik f\u00fcr Jugendliche, Beratung sexuelle und\/oder k\u00f6rperliche Gewalt bei Kindern und Jugendlichen in Darmstadt.","og_url":"https:\/\/gudrun-dittrich.de\/?page_id=256","og_site_name":"Gudrun Dittrich","article_modified_time":"2020-12-11T22:28:38+00:00","og_image":[{"url":"https:\/\/gudrun-dittrich.de\/wp-content\/uploads\/2019\/04\/Bild-021_900.jpg"}],"twitter_card":"summary_large_image","schema":{"@context":"https:\/\/schema.org","@graph":[{"@type":"WebPage","@id":"https:\/\/gudrun-dittrich.de\/?page_id=256","url":"https:\/\/gudrun-dittrich.de\/?page_id=256","name":"\u00dcber mich | Gudrun Dittrich %","isPartOf":{"@id":"https:\/\/gudrun-dittrich.de\/#website"},"datePublished":"2019-04-15T12:24:38+00:00","dateModified":"2020-12-11T22:28:38+00:00","description":"Psychotherapie f\u00fcr Kinder und Jugendliche in Darmstadt, Gudrun Dittrich, Kinder- und Jugendlichenpsychotherapeutin Tiefenpsychologie und Psychoanalyse Darmstadt, Ausbildung am Alfred Adler Institut Mainz, Gudrun Dittrich Diplom-Sozialp\u00e4dagogin, Einzel-, Paar und Familienberatung, Sexualp\u00e4dagogik f\u00fcr Jugendliche, Beratung sexuelle und\/oder k\u00f6rperliche Gewalt bei Kindern und Jugendlichen in Darmstadt.","breadcrumb":{"@id":"https:\/\/gudrun-dittrich.de\/?page_id=256#breadcrumb"},"inLanguage":"de","potentialAction":[{"@type":"ReadAction","target":["https:\/\/gudrun-dittrich.de\/?page_id=256"]}]},{"@type":"BreadcrumbList","@id":"https:\/\/gudrun-dittrich.de\/?page_id=256#breadcrumb","itemListElement":[{"@type":"ListItem","position":1,"name":"Startseite","item":"https:\/\/gudrun-dittrich.de\/"},{"@type":"ListItem","position":2,"name":"\u00dcber mich"}]},{"@type":"WebSite","@id":"https:\/\/gudrun-dittrich.de\/#website","url":"https:\/\/gudrun-dittrich.de\/","name":"Gudrun Dittrich","description":"Gudrun Dittrich \u2013 Psychotherapie f\u00fcr Kinder und Jugendliche","publisher":{"@id":"https:\/\/gudrun-dittrich.de\/#organization"},"potentialAction":[{"@type":"SearchAction","target":{"@type":"EntryPoint","urlTemplate":"https:\/\/gudrun-dittrich.de\/?s={search_term_string}"},"query-input":"required name=search_term_string"}],"inLanguage":"de"},{"@type":"Organization","@id":"https:\/\/gudrun-dittrich.de\/#organization","name":"Gudrun Dittrich - Psychotherapie f\u00fcr Kinder und Jugendliche","url":"https:\/\/gudrun-dittrich.de\/","logo":{"@type":"ImageObject","inLanguage":"de","@id":"https:\/\/gudrun-dittrich.de\/#\/schema\/logo\/image\/","url":"https:\/\/gudrun-dittrich.de\/wp-content\/uploads\/2019\/04\/Gudrun_Dittrich_fav_512.jpg","contentUrl":"https:\/\/gudrun-dittrich.de\/wp-content\/uploads\/2019\/04\/Gudrun_Dittrich_fav_512.jpg","width":512,"height":512,"caption":"Gudrun Dittrich - Psychotherapie f\u00fcr Kinder und Jugendliche"},"image":{"@id":"https:\/\/gudrun-dittrich.de\/#\/schema\/logo\/image\/"}}]}},"_links":{"self":[{"href":"https:\/\/gudrun-dittrich.de\/index.php?rest_route=\/wp\/v2\/pages\/256"}],"collection":[{"href":"https:\/\/gudrun-dittrich.de\/index.php?rest_route=\/wp\/v2\/pages"}],"about":[{"href":"https:\/\/gudrun-dittrich.de\/index.php?rest_route=\/wp\/v2\/types\/page"}],"author":[{"embeddable":true,"href":"https:\/\/gudrun-dittrich.de\/index.php?rest_route=\/wp\/v2\/users\/1"}],"replies":[{"embeddable":true,"href":"https:\/\/gudrun-dittrich.de\/index.php?rest_route=%2Fwp%2Fv2%2Fcomments&post=256"}],"version-history":[{"count":13,"href":"https:\/\/gudrun-dittrich.de\/index.php?rest_route=\/wp\/v2\/pages\/256\/revisions"}],"predecessor-version":[{"id":447,"href":"https:\/\/gudrun-dittrich.de\/index.php?rest_route=\/wp\/v2\/pages\/256\/revisions\/447"}],"wp:attachment":[{"href":"https:\/\/gudrun-dittrich.de\/index.php?rest_route=%2Fwp%2Fv2%2Fmedia&parent=256"}],"curies":[{"name":"wp","href":"https:\/\/api.w.org\/{rel}","templated":true}]}}