{"id":13,"date":"2019-04-08T22:26:03","date_gmt":"2019-04-08T22:26:03","guid":{"rendered":"http:\/\/kinderpsychotherapie.gudrun-dittrich.de\/?page_id=13"},"modified":"2020-03-03T22:46:57","modified_gmt":"2020-03-03T20:46:57","slug":"kinder-und-jugendlichenpsychotherapeutin","status":"publish","type":"page","link":"https:\/\/gudrun-dittrich.de\/","title":{"rendered":"Home"},"content":{"rendered":"\t\t<div data-elementor-type=\"wp-post\" data-elementor-id=\"13\" class=\"elementor elementor-13\">\n\t\t\t\t\t\t\t\t\t<div class=\"elementor-section elementor-top-section elementor-element elementor-element-7eda0a5 elementor-section-content-top elementor-reverse-mobile elementor-hidden-phone elementor-section-boxed elementor-section-height-default elementor-section-height-default\" data-id=\"7eda0a5\" data-element_type=\"section\">\n\t\t\t\t\t\t<div class=\"elementor-container elementor-column-gap-default\">\n\t\t\t\t\t<div class=\"elementor-column elementor-col-100 elementor-top-column elementor-element elementor-element-1d0b81f\" data-id=\"1d0b81f\" data-element_type=\"column\">\n\t\t\t<div class=\"elementor-widget-wrap elementor-element-populated\">\n\t\t\t\t\t\t\t\t<div class=\"elementor-element elementor-element-2aebdfe elementor-invisible elementor-widget elementor-widget-image-gallery\" data-id=\"2aebdfe\" data-element_type=\"widget\" data-settings=\"{&quot;_animation&quot;:&quot;fadeInUp&quot;}\" data-widget_type=\"image-gallery.default\">\n\t\t\t\t<div class=\"elementor-widget-container\">\n\t\t\t\t\t<div class=\"elementor-image-gallery\">\n\t\t\t<div id='gallery-1' class='gallery galleryid-13 gallery-columns-6 gallery-size-thumbnail'><figure class='gallery-item'>\n\t\t\t<div class='gallery-icon landscape'>\n\t\t\t\t<img decoding=\"async\" width=\"150\" height=\"150\" src=\"https:\/\/gudrun-dittrich.de\/wp-content\/uploads\/2019\/04\/Bild_025_150x150.png\" class=\"attachment-thumbnail size-thumbnail\" alt=\"\" \/>\n\t\t\t<\/div><\/figure><figure class='gallery-item'>\n\t\t\t<div class='gallery-icon landscape'>\n\t\t\t\t<img decoding=\"async\" width=\"150\" height=\"150\" src=\"https:\/\/gudrun-dittrich.de\/wp-content\/uploads\/2019\/04\/Bild_003_150x150.png\" class=\"attachment-thumbnail size-thumbnail\" alt=\"\" \/>\n\t\t\t<\/div><\/figure><figure class='gallery-item'>\n\t\t\t<div class='gallery-icon landscape'>\n\t\t\t\t<img decoding=\"async\" width=\"150\" height=\"150\" src=\"https:\/\/gudrun-dittrich.de\/wp-content\/uploads\/2019\/04\/Bild-001_150x150.png\" class=\"attachment-thumbnail size-thumbnail\" alt=\"\" \/>\n\t\t\t<\/div><\/figure><figure class='gallery-item'>\n\t\t\t<div class='gallery-icon landscape'>\n\t\t\t\t<img loading=\"lazy\" decoding=\"async\" width=\"150\" height=\"150\" src=\"https:\/\/gudrun-dittrich.de\/wp-content\/uploads\/2019\/04\/Bild-019_150x150.png\" class=\"attachment-thumbnail size-thumbnail\" alt=\"\" \/>\n\t\t\t<\/div><\/figure><figure class='gallery-item'>\n\t\t\t<div class='gallery-icon landscape'>\n\t\t\t\t<img loading=\"lazy\" decoding=\"async\" width=\"150\" height=\"150\" src=\"https:\/\/gudrun-dittrich.de\/wp-content\/uploads\/2019\/04\/Bild-028_150x150.png\" class=\"attachment-thumbnail size-thumbnail\" alt=\"\" \/>\n\t\t\t<\/div><\/figure><figure class='gallery-item'>\n\t\t\t<div class='gallery-icon landscape'>\n\t\t\t\t<img loading=\"lazy\" decoding=\"async\" width=\"150\" height=\"150\" src=\"https:\/\/gudrun-dittrich.de\/wp-content\/uploads\/2019\/04\/Dittrich-2010-Zentrierung_150x150.png\" class=\"attachment-thumbnail size-thumbnail\" alt=\"\" \/>\n\t\t\t<\/div><\/figure>\n\t\t<\/div>\n\t\t<\/div>\n\t\t\t\t<\/div>\n\t\t\t\t<\/div>\n\t\t\t\t\t<\/div>\n\t\t<\/div>\n\t\t\t\t\t\t\t<\/div>\n\t\t<\/div>\n\t\t\t\t<section class=\"elementor-section elementor-top-section elementor-element elementor-element-2206786 elementor-section-boxed elementor-section-height-default elementor-section-height-default\" data-id=\"2206786\" data-element_type=\"section\">\n\t\t\t\t\t\t<div class=\"elementor-container elementor-column-gap-default\">\n\t\t\t\t\t<div class=\"elementor-column elementor-col-100 elementor-top-column elementor-element elementor-element-9156f3d\" data-id=\"9156f3d\" data-element_type=\"column\">\n\t\t\t<div class=\"elementor-widget-wrap elementor-element-populated\">\n\t\t\t\t\t\t\t\t<div class=\"elementor-element elementor-element-228ed16 elementor-widget elementor-widget-spacer\" data-id=\"228ed16\" data-element_type=\"widget\" data-widget_type=\"spacer.default\">\n\t\t\t\t<div class=\"elementor-widget-container\">\n\t\t\t\t\t<div class=\"elementor-spacer\">\n\t\t\t<div class=\"elementor-spacer-inner\"><\/div>\n\t\t<\/div>\n\t\t\t\t<\/div>\n\t\t\t\t<\/div>\n\t\t\t\t\t<\/div>\n\t\t<\/div>\n\t\t\t\t\t\t\t<\/div>\n\t\t<\/section>\n\t\t\t\t<section class=\"elementor-section elementor-top-section elementor-element elementor-element-ba78c2e elementor-section-full_width elementor-section-height-default elementor-section-height-default\" data-id=\"ba78c2e\" data-element_type=\"section\">\n\t\t\t\t\t\t<div class=\"elementor-container elementor-column-gap-default\">\n\t\t\t\t\t<div class=\"elementor-column elementor-col-100 elementor-top-column elementor-element elementor-element-02b46c4\" data-id=\"02b46c4\" data-element_type=\"column\">\n\t\t\t<div class=\"elementor-widget-wrap elementor-element-populated\">\n\t\t\t\t\t\t\t\t<div class=\"elementor-element elementor-element-d8b225f elementor-widget elementor-widget-heading\" data-id=\"d8b225f\" data-element_type=\"widget\" data-widget_type=\"heading.default\">\n\t\t\t\t<div class=\"elementor-widget-container\">\n\t\t\t<h1 class=\"elementor-heading-title elementor-size-default\">Psychotherapie f\u00fcr Kinder und Jugendliche<\/h1>\t\t<\/div>\n\t\t\t\t<\/div>\n\t\t\t\t\t<\/div>\n\t\t<\/div>\n\t\t\t\t\t\t\t<\/div>\n\t\t<\/section>\n\t\t\t\t<section class=\"elementor-section elementor-top-section elementor-element elementor-element-a1271d6 elementor-section-boxed elementor-section-height-default elementor-section-height-default\" data-id=\"a1271d6\" data-element_type=\"section\">\n\t\t\t\t\t\t<div class=\"elementor-container elementor-column-gap-default\">\n\t\t\t\t\t<div class=\"elementor-column elementor-col-100 elementor-top-column elementor-element elementor-element-a16f514\" data-id=\"a16f514\" data-element_type=\"column\">\n\t\t\t<div class=\"elementor-widget-wrap elementor-element-populated\">\n\t\t\t\t\t\t\t\t<div class=\"elementor-element elementor-element-edd5dd3 elementor-widget elementor-widget-spacer\" data-id=\"edd5dd3\" data-element_type=\"widget\" data-widget_type=\"spacer.default\">\n\t\t\t\t<div class=\"elementor-widget-container\">\n\t\t\t\t\t<div class=\"elementor-spacer\">\n\t\t\t<div class=\"elementor-spacer-inner\"><\/div>\n\t\t<\/div>\n\t\t\t\t<\/div>\n\t\t\t\t<\/div>\n\t\t\t\t\t<\/div>\n\t\t<\/div>\n\t\t\t\t\t\t\t<\/div>\n\t\t<\/section>\n\t\t\t\t<section class=\"elementor-section elementor-top-section elementor-element elementor-element-b8d9bdd elementor-section-boxed elementor-section-height-default elementor-section-height-default\" data-id=\"b8d9bdd\" data-element_type=\"section\">\n\t\t\t\t\t\t<div class=\"elementor-container elementor-column-gap-default\">\n\t\t\t\t\t<div class=\"elementor-column elementor-col-100 elementor-top-column elementor-element elementor-element-bc20827\" data-id=\"bc20827\" data-element_type=\"column\">\n\t\t\t<div class=\"elementor-widget-wrap elementor-element-populated\">\n\t\t\t\t\t\t\t\t<div class=\"elementor-element elementor-element-9c7fc7f elementor-widget elementor-widget-text-editor\" data-id=\"9c7fc7f\" data-element_type=\"widget\" data-widget_type=\"text-editor.default\">\n\t\t\t\t<div class=\"elementor-widget-container\">\n\t\t\t\t\t\t\t<p><strong>Liebe Eltern,<\/strong><br \/><br \/><br \/>wenn Sie diese Seite aufrufen, sind sie wahrscheinlich auf der Suche nach Unterst\u00fctzung f\u00fcr ihr Kind. Im Folgenden m\u00f6chte ich ihnen einige Anhaltspunkte daf\u00fcr geben.<br \/><br \/><br \/>Kinder und Jugendliche sind im Laufe ihres Entwicklungs- und Wachstumsprozesses mit gravierenden Ver\u00e4nderungen ihrer k\u00f6rperlichen Entwicklung und ihres seelischen Gleichgewichtes konfrontiert. Jeweils neue Meilensteine ihrer Entwicklung mit ihren spezifischen Entwicklungsaufgaben m\u00fcssen bew\u00e4ltigt werden. Diese \u00dcberg\u00e4nge wie zum Beispiel der Eintritt in den Kindergarten, Einschulung, Pubert\u00e4t, Ver\u00e4nderungen innerhalb der Familie, k\u00f6nnen zu emotionalem Stress und seelischer Belastung f\u00fchren. Begleitet werden diese Prozesse oft von innerseelischen Verunsicherungen der Kinder und von Konflikten mit ihrem Lebensumfeld. Im Idealfall f\u00fchrt das \u00dcberwinden dieser H\u00fcrden zu pers\u00f6nlichem Wachstum und Reifung. Es werden Energien f\u00fcr die n\u00e4chsten Entwicklungsschritte frei.<\/p><p>Diese Ideale Aufl\u00f6sung der Konflikte gelingt nicht immer. Manchmal k\u00f6nnen diese Prozesse zu gro\u00dfer innerer Verunsicherung und erheblichem seelischen Leidensdruck bei den Kindern f\u00fchren. Mitunter ger\u00e4t das gesamte famili\u00e4re System aus dem Gleichgewicht und Sie als Eltern bleiben ratlos zur\u00fcck.<br \/><br \/><br \/>Viele Eltern fragen sich in solchen Momenten der Verunsicherung, ob ihr Kind eine <a href=\"https:\/\/gudrun-dittrich.de\/?page_id=233\">Kinderpsychotherapie<\/a> braucht.<br \/><br \/><br \/>In einem ersten Gespr\u00e4ch haben sie die M\u00f6glichkeit zu kl\u00e4ren, ob die Schwierigkeiten ihres Kindes in einer Therapie bearbeitet werden sollten.<br \/><br \/><br \/>Gudrun Dittrich<\/p>\t\t\t\t\t\t<\/div>\n\t\t\t\t<\/div>\n\t\t\t\t\t<\/div>\n\t\t<\/div>\n\t\t\t\t\t\t\t<\/div>\n\t\t<\/section>\n\t\t\t\t<section class=\"elementor-section elementor-top-section elementor-element elementor-element-9816f5e elementor-section-boxed elementor-section-height-default elementor-section-height-default\" data-id=\"9816f5e\" data-element_type=\"section\">\n\t\t\t\t\t\t<div class=\"elementor-container elementor-column-gap-default\">\n\t\t\t\t\t<div class=\"elementor-column elementor-col-100 elementor-top-column elementor-element elementor-element-279b2ea\" data-id=\"279b2ea\" data-element_type=\"column\">\n\t\t\t<div class=\"elementor-widget-wrap elementor-element-populated\">\n\t\t\t\t\t\t\t\t<div class=\"elementor-element elementor-element-883fe31 elementor-widget elementor-widget-spacer\" data-id=\"883fe31\" data-element_type=\"widget\" data-widget_type=\"spacer.default\">\n\t\t\t\t<div class=\"elementor-widget-container\">\n\t\t\t\t\t<div class=\"elementor-spacer\">\n\t\t\t<div class=\"elementor-spacer-inner\"><\/div>\n\t\t<\/div>\n\t\t\t\t<\/div>\n\t\t\t\t<\/div>\n\t\t\t\t\t<\/div>\n\t\t<\/div>\n\t\t\t\t\t\t\t<\/div>\n\t\t<\/section>\n\t\t\t\t\t\t\t<\/div>\n\t\t","protected":false},"excerpt":{"rendered":"<p>Psychotherapie f\u00fcr Kinder und Jugendliche Liebe Eltern, wenn Sie diese Seite aufrufen, sind sie wahrscheinlich auf der Suche nach Unterst\u00fctzung f\u00fcr ihr Kind. Im Folgenden m\u00f6chte ich ihnen einige Anhaltspunkte daf\u00fcr geben. Kinder und Jugendliche sind im Laufe ihres Entwicklungs- und Wachstumsprozesses mit gravierenden Ver\u00e4nderungen ihrer k\u00f6rperlichen Entwicklung und ihres seelischen Gleichgewichtes konfrontiert. Jeweils neue [&hellip;]<\/p>\n","protected":false},"author":1,"featured_media":0,"parent":0,"menu_order":0,"comment_status":"closed","ping_status":"closed","template":"","meta":{"ocean_post_layout":"","ocean_both_sidebars_style":"","ocean_both_sidebars_content_width":0,"ocean_both_sidebars_sidebars_width":0,"ocean_sidebar":"0","ocean_second_sidebar":"0","ocean_disable_margins":"enable","ocean_add_body_class":"","ocean_shortcode_before_top_bar":"","ocean_shortcode_after_top_bar":"","ocean_shortcode_before_header":"","ocean_shortcode_after_header":"","ocean_has_shortcode":"","ocean_shortcode_after_title":"","ocean_shortcode_before_footer_widgets":"","ocean_shortcode_after_footer_widgets":"","ocean_shortcode_before_footer_bottom":"","ocean_shortcode_after_footer_bottom":"","ocean_display_top_bar":"default","ocean_display_header":"default","ocean_header_style":"","ocean_center_header_left_menu":"0","ocean_custom_header_template":"0","ocean_custom_logo":202,"ocean_custom_retina_logo":0,"ocean_custom_logo_max_width":0,"ocean_custom_logo_tablet_max_width":0,"ocean_custom_logo_mobile_max_width":0,"ocean_custom_logo_max_height":0,"ocean_custom_logo_tablet_max_height":0,"ocean_custom_logo_mobile_max_height":0,"ocean_header_custom_menu":"0","ocean_menu_typo_font_family":"0","ocean_menu_typo_font_subset":"","ocean_menu_typo_font_size":0,"ocean_menu_typo_font_size_tablet":0,"ocean_menu_typo_font_size_mobile":0,"ocean_menu_typo_font_size_unit":"px","ocean_menu_typo_font_weight":"","ocean_menu_typo_font_weight_tablet":"","ocean_menu_typo_font_weight_mobile":"","ocean_menu_typo_transform":"","ocean_menu_typo_transform_tablet":"","ocean_menu_typo_transform_mobile":"","ocean_menu_typo_line_height":0,"ocean_menu_typo_line_height_tablet":0,"ocean_menu_typo_line_height_mobile":0,"ocean_menu_typo_line_height_unit":"","ocean_menu_typo_spacing":0,"ocean_menu_typo_spacing_tablet":0,"ocean_menu_typo_spacing_mobile":0,"ocean_menu_typo_spacing_unit":"","ocean_menu_link_color":"","ocean_menu_link_color_hover":"","ocean_menu_link_color_active":"","ocean_menu_link_background":"","ocean_menu_link_hover_background":"","ocean_menu_link_active_background":"","ocean_menu_social_links_bg":"","ocean_menu_social_hover_links_bg":"","ocean_menu_social_links_color":"","ocean_menu_social_hover_links_color":"","ocean_disable_title":"default","ocean_disable_heading":"default","ocean_post_title":"","ocean_post_subheading":"","ocean_post_title_style":"","ocean_post_title_background_color":"","ocean_post_title_background":0,"ocean_post_title_bg_image_position":"","ocean_post_title_bg_image_attachment":"","ocean_post_title_bg_image_repeat":"","ocean_post_title_bg_image_size":"","ocean_post_title_height":0,"ocean_post_title_bg_overlay":0.5,"ocean_post_title_bg_overlay_color":"","ocean_disable_breadcrumbs":"on","ocean_breadcrumbs_color":"#ff9800","ocean_breadcrumbs_separator_color":"#ff9800","ocean_breadcrumbs_links_color":"#e91e63","ocean_breadcrumbs_links_hover_color":"#ffc107","ocean_display_footer_widgets":"off","ocean_display_footer_bottom":"default","ocean_custom_footer_template":"0","footnotes":""},"yoast_head":"<!-- This site is optimized with the Yoast SEO plugin v21.8 - https:\/\/yoast.com\/wordpress\/plugins\/seo\/ -->\n<title>Home | Gudrun Dittrich %<\/title>\n<meta name=\"description\" content=\"Gudrun Dittrich | Kinder- und Jugendlichenpsychotherapeutin in Darmstadt. Einzel,- Paar u. Familienberatung, Psychodynamisch Imaginative Traumatherapie etc.\" \/>\n<meta name=\"robots\" content=\"index, follow, max-snippet:-1, max-image-preview:large, max-video-preview:-1\" \/>\n<link rel=\"canonical\" href=\"https:\/\/gudrun-dittrich.de\/\" \/>\n<meta property=\"og:locale\" content=\"de_DE\" \/>\n<meta property=\"og:type\" content=\"article\" \/>\n<meta property=\"og:title\" content=\"Home | Gudrun Dittrich %\" \/>\n<meta property=\"og:description\" content=\"Gudrun Dittrich | Kinder- und Jugendlichenpsychotherapeutin in Darmstadt. Einzel,- Paar u. Familienberatung, Psychodynamisch Imaginative Traumatherapie etc.\" \/>\n<meta property=\"og:url\" content=\"https:\/\/gudrun-dittrich.de\/\" \/>\n<meta property=\"og:site_name\" content=\"Gudrun Dittrich\" \/>\n<meta property=\"article:modified_time\" content=\"2020-03-03T20:46:57+00:00\" \/>\n<meta property=\"og:image\" content=\"https:\/\/gudrun-dittrich.de\/wp-content\/uploads\/2019\/04\/Bild_003_150x150.png\" \/>\n<meta name=\"twitter:card\" content=\"summary_large_image\" \/>\n<meta name=\"twitter:label1\" content=\"Gesch\u00e4tzte Lesezeit\" \/>\n\t<meta name=\"twitter:data1\" content=\"1\u00a0Minute\" \/>\n<script type=\"application\/ld+json\" class=\"yoast-schema-graph\">{\"@context\":\"https:\/\/schema.org\",\"@graph\":[{\"@type\":\"WebPage\",\"@id\":\"https:\/\/gudrun-dittrich.de\/\",\"url\":\"https:\/\/gudrun-dittrich.de\/\",\"name\":\"Home | Gudrun Dittrich %\",\"isPartOf\":{\"@id\":\"https:\/\/gudrun-dittrich.de\/#website\"},\"datePublished\":\"2019-04-08T22:26:03+00:00\",\"dateModified\":\"2020-03-03T20:46:57+00:00\",\"description\":\"Gudrun Dittrich | Kinder- und Jugendlichenpsychotherapeutin in Darmstadt. Einzel,- Paar u. Familienberatung, Psychodynamisch Imaginative Traumatherapie etc.\",\"breadcrumb\":{\"@id\":\"https:\/\/gudrun-dittrich.de\/#breadcrumb\"},\"inLanguage\":\"de\",\"potentialAction\":[{\"@type\":\"ReadAction\",\"target\":[\"https:\/\/gudrun-dittrich.de\/\"]}]},{\"@type\":\"BreadcrumbList\",\"@id\":\"https:\/\/gudrun-dittrich.de\/#breadcrumb\",\"itemListElement\":[{\"@type\":\"ListItem\",\"position\":1,\"name\":\"Startseite\",\"item\":\"https:\/\/gudrun-dittrich.de\/\"},{\"@type\":\"ListItem\",\"position\":2,\"name\":\"Home\"}]},{\"@type\":\"WebSite\",\"@id\":\"https:\/\/gudrun-dittrich.de\/#website\",\"url\":\"https:\/\/gudrun-dittrich.de\/\",\"name\":\"Gudrun Dittrich\",\"description\":\"Gudrun Dittrich \u2013 Psychotherapie f\u00fcr Kinder und Jugendliche\",\"publisher\":{\"@id\":\"https:\/\/gudrun-dittrich.de\/#organization\"},\"potentialAction\":[{\"@type\":\"SearchAction\",\"target\":{\"@type\":\"EntryPoint\",\"urlTemplate\":\"https:\/\/gudrun-dittrich.de\/?s={search_term_string}\"},\"query-input\":\"required name=search_term_string\"}],\"inLanguage\":\"de\"},{\"@type\":\"Organization\",\"@id\":\"https:\/\/gudrun-dittrich.de\/#organization\",\"name\":\"Gudrun Dittrich - Psychotherapie f\u00fcr Kinder und Jugendliche\",\"url\":\"https:\/\/gudrun-dittrich.de\/\",\"logo\":{\"@type\":\"ImageObject\",\"inLanguage\":\"de\",\"@id\":\"https:\/\/gudrun-dittrich.de\/#\/schema\/logo\/image\/\",\"url\":\"https:\/\/gudrun-dittrich.de\/wp-content\/uploads\/2019\/04\/Gudrun_Dittrich_fav_512.jpg\",\"contentUrl\":\"https:\/\/gudrun-dittrich.de\/wp-content\/uploads\/2019\/04\/Gudrun_Dittrich_fav_512.jpg\",\"width\":512,\"height\":512,\"caption\":\"Gudrun Dittrich - Psychotherapie f\u00fcr Kinder und Jugendliche\"},\"image\":{\"@id\":\"https:\/\/gudrun-dittrich.de\/#\/schema\/logo\/image\/\"}}]}<\/script>\n<!-- \/ Yoast SEO plugin. -->","yoast_head_json":{"title":"Home | Gudrun Dittrich %","description":"Gudrun Dittrich | Kinder- und Jugendlichenpsychotherapeutin in Darmstadt. Einzel,- Paar u. Familienberatung, Psychodynamisch Imaginative Traumatherapie etc.","robots":{"index":"index","follow":"follow","max-snippet":"max-snippet:-1","max-image-preview":"max-image-preview:large","max-video-preview":"max-video-preview:-1"},"canonical":"https:\/\/gudrun-dittrich.de\/","og_locale":"de_DE","og_type":"article","og_title":"Home | Gudrun Dittrich %","og_description":"Gudrun Dittrich | Kinder- und Jugendlichenpsychotherapeutin in Darmstadt. Einzel,- Paar u. Familienberatung, Psychodynamisch Imaginative Traumatherapie etc.","og_url":"https:\/\/gudrun-dittrich.de\/","og_site_name":"Gudrun Dittrich","article_modified_time":"2020-03-03T20:46:57+00:00","og_image":[{"url":"https:\/\/gudrun-dittrich.de\/wp-content\/uploads\/2019\/04\/Bild_003_150x150.png"}],"twitter_card":"summary_large_image","twitter_misc":{"Gesch\u00e4tzte Lesezeit":"1\u00a0Minute"},"schema":{"@context":"https:\/\/schema.org","@graph":[{"@type":"WebPage","@id":"https:\/\/gudrun-dittrich.de\/","url":"https:\/\/gudrun-dittrich.de\/","name":"Home | Gudrun Dittrich %","isPartOf":{"@id":"https:\/\/gudrun-dittrich.de\/#website"},"datePublished":"2019-04-08T22:26:03+00:00","dateModified":"2020-03-03T20:46:57+00:00","description":"Gudrun Dittrich | Kinder- und Jugendlichenpsychotherapeutin in Darmstadt. Einzel,- Paar u. Familienberatung, Psychodynamisch Imaginative Traumatherapie etc.","breadcrumb":{"@id":"https:\/\/gudrun-dittrich.de\/#breadcrumb"},"inLanguage":"de","potentialAction":[{"@type":"ReadAction","target":["https:\/\/gudrun-dittrich.de\/"]}]},{"@type":"BreadcrumbList","@id":"https:\/\/gudrun-dittrich.de\/#breadcrumb","itemListElement":[{"@type":"ListItem","position":1,"name":"Startseite","item":"https:\/\/gudrun-dittrich.de\/"},{"@type":"ListItem","position":2,"name":"Home"}]},{"@type":"WebSite","@id":"https:\/\/gudrun-dittrich.de\/#website","url":"https:\/\/gudrun-dittrich.de\/","name":"Gudrun Dittrich","description":"Gudrun Dittrich \u2013 Psychotherapie f\u00fcr Kinder und Jugendliche","publisher":{"@id":"https:\/\/gudrun-dittrich.de\/#organization"},"potentialAction":[{"@type":"SearchAction","target":{"@type":"EntryPoint","urlTemplate":"https:\/\/gudrun-dittrich.de\/?s={search_term_string}"},"query-input":"required name=search_term_string"}],"inLanguage":"de"},{"@type":"Organization","@id":"https:\/\/gudrun-dittrich.de\/#organization","name":"Gudrun Dittrich - Psychotherapie f\u00fcr Kinder und Jugendliche","url":"https:\/\/gudrun-dittrich.de\/","logo":{"@type":"ImageObject","inLanguage":"de","@id":"https:\/\/gudrun-dittrich.de\/#\/schema\/logo\/image\/","url":"https:\/\/gudrun-dittrich.de\/wp-content\/uploads\/2019\/04\/Gudrun_Dittrich_fav_512.jpg","contentUrl":"https:\/\/gudrun-dittrich.de\/wp-content\/uploads\/2019\/04\/Gudrun_Dittrich_fav_512.jpg","width":512,"height":512,"caption":"Gudrun Dittrich - Psychotherapie f\u00fcr Kinder und Jugendliche"},"image":{"@id":"https:\/\/gudrun-dittrich.de\/#\/schema\/logo\/image\/"}}]}},"_links":{"self":[{"href":"https:\/\/gudrun-dittrich.de\/index.php?rest_route=\/wp\/v2\/pages\/13"}],"collection":[{"href":"https:\/\/gudrun-dittrich.de\/index.php?rest_route=\/wp\/v2\/pages"}],"about":[{"href":"https:\/\/gudrun-dittrich.de\/index.php?rest_route=\/wp\/v2\/types\/page"}],"author":[{"embeddable":true,"href":"https:\/\/gudrun-dittrich.de\/index.php?rest_route=\/wp\/v2\/users\/1"}],"replies":[{"embeddable":true,"href":"https:\/\/gudrun-dittrich.de\/index.php?rest_route=%2Fwp%2Fv2%2Fcomments&post=13"}],"version-history":[{"count":23,"href":"https:\/\/gudrun-dittrich.de\/index.php?rest_route=\/wp\/v2\/pages\/13\/revisions"}],"predecessor-version":[{"id":429,"href":"https:\/\/gudrun-dittrich.de\/index.php?rest_route=\/wp\/v2\/pages\/13\/revisions\/429"}],"wp:attachment":[{"href":"https:\/\/gudrun-dittrich.de\/index.php?rest_route=%2Fwp%2Fv2%2Fmedia&parent=13"}],"curies":[{"name":"wp","href":"https:\/\/api.w.org\/{rel}","templated":true}]}}